{"id":10578,"date":"2021-08-25T07:26:28","date_gmt":"2021-08-25T07:26:28","guid":{"rendered":"https:\/\/www.pralniakolczewo.pl\/uber-uns\/"},"modified":"2021-08-25T07:26:28","modified_gmt":"2021-08-25T07:26:28","slug":"uber-uns","status":"publish","type":"page","link":"https:\/\/www.pralniakolczewo.pl\/de\/uber-uns\/","title":{"rendered":"\u00dcber uns"},"content":{"rendered":"<div class=\"wpb-content-wrapper\"><p>[vc_row][vc_column]\n\t\t<div id=\"wd-65b5607c19c65\" class=\"title-wrapper wd-wpb wd-set-mb reset-last-child  wd-rs-65b5607c19c65 wd-title-color-primary wd-title-style-simple text-center  wd-underline-colored\">\n\t\t\t\n\t\t\t<div class=\"liner-continer\">\n\t\t\t\t<h4 class=\"woodmart-title-container title  wd-font-weight- wd-fontsize-xxl\" >\u00dcber uns<\/h4>\n\t\t\t\t\t\t\t<\/div>\n\t\t\t\n\t\t\t\n\t\t\t\n\t\t<\/div>\n\t\t\n\t\t[\/vc_column][\/vc_row][vc_row css=&#8220;.vc_custom_1629877038080{margin-bottom: 40px !important;}&#8220; mobile_bg_img_hidden=&#8220;no&#8220; tablet_bg_img_hidden=&#8220;no&#8220; woodmart_parallax=&#8220;0&#8243; woodmart_gradient_switch=&#8220;no&#8220; row_reverse_mobile=&#8220;1&#8243; row_reverse_tablet=&#8220;1&#8243; woodmart_disable_overflow=&#8220;0&#8243; wd_z_index=&#8220;no&#8220; woodmart_css_id=&#8220;6125f32826e3d&#8220; responsive_spacing=&#8220;eyJwYXJhbV90eXBlIjoid29vZG1hcnRfcmVzcG9uc2l2ZV9zcGFjaW5nIiwic2VsZWN0b3JfaWQiOiI2MTI1ZjMyODI2ZTNkIiwic2hvcnRjb2RlIjoidmNfcm93IiwiZGF0YSI6eyJ0YWJsZXQiOnt9LCJtb2JpbGUiOnsibWFyZ2luLWJvdHRvbSI6IjIwIn19fQ==&#8220;][vc_column css=&#8220;.vc_custom_1629877010833{margin-bottom: 40px !important;padding-top: 0px !important;}&#8220; mobile_bg_img_hidden=&#8220;no&#8220; tablet_bg_img_hidden=&#8220;no&#8220; woodmart_parallax=&#8220;0&#8243; woodmart_sticky_column=&#8220;false&#8220; parallax_scroll=&#8220;no&#8220; mobile_reset_margin=&#8220;no&#8220; tablet_reset_margin=&#8220;no&#8220; offset=&#8220;vc_col-lg-6 vc_col-md-6&#8243; wd_z_index=&#8220;no&#8220; woodmart_css_id=&#8220;6125f30edad72&#8243; responsive_spacing=&#8220;eyJwYXJhbV90eXBlIjoid29vZG1hcnRfcmVzcG9uc2l2ZV9zcGFjaW5nIiwic2VsZWN0b3JfaWQiOiI2MTI1ZjMwZWRhZDcyIiwic2hvcnRjb2RlIjoidmNfY29sdW1uIiwiZGF0YSI6eyJ0YWJsZXQiOnt9LCJtb2JpbGUiOnt9fX0=&#8220;][vc_empty_space height=&#8220;52px&#8220; woodmart_hide_large=&#8220;0&#8243; woodmart_hide_medium=&#8220;0&#8243; woodmart_hide_small=&#8220;0&#8243;]\t\t<div id=\"wd-65f077452aeda\" class=\"wd-image wd-wpb wd-rs-65f077452aeda text-left vc_custom_1710258025739\">\n\t\t\t\n\t\t\t<img loading=\"lazy\" decoding=\"async\" width=\"1821\" height=\"1024\" src=\"https:\/\/www.pralniakolczewo.pl\/wp-content\/uploads\/2024\/03\/20240308_161541.webp\" class=\"attachment-full size-full\" alt=\"\" srcset=\"https:\/\/www.pralniakolczewo.pl\/wp-content\/uploads\/2024\/03\/20240308_161541.webp 1821w, https:\/\/www.pralniakolczewo.pl\/wp-content\/uploads\/2024\/03\/20240308_161541-400x225.webp 400w, https:\/\/www.pralniakolczewo.pl\/wp-content\/uploads\/2024\/03\/20240308_161541-1300x731.webp 1300w, https:\/\/www.pralniakolczewo.pl\/wp-content\/uploads\/2024\/03\/20240308_161541-768x432.webp 768w, https:\/\/www.pralniakolczewo.pl\/wp-content\/uploads\/2024\/03\/20240308_161541-1536x864.webp 1536w\" sizes=\"auto, (max-width: 1821px) 100vw, 1821px\" \/>\n\t\t\t\t\t<\/div>\n\t\t[\/vc_column][vc_column css=&#8220;.vc_custom_1629877027060{margin-bottom: 40px !important;padding-top: 40px !important;}&#8220; mobile_bg_img_hidden=&#8220;no&#8220; tablet_bg_img_hidden=&#8220;no&#8220; woodmart_parallax=&#8220;0&#8243; woodmart_sticky_column=&#8220;false&#8220; parallax_scroll=&#8220;no&#8220; mobile_reset_margin=&#8220;no&#8220; tablet_reset_margin=&#8220;no&#8220; offset=&#8220;vc_col-lg-offset-1 vc_col-lg-5 vc_col-md-6 vc_col-xs-12&#8243; wd_z_index=&#8220;no&#8220; woodmart_css_id=&#8220;6125f320eb687&#8243; responsive_spacing=&#8220;eyJwYXJhbV90eXBlIjoid29vZG1hcnRfcmVzcG9uc2l2ZV9zcGFjaW5nIiwic2VsZWN0b3JfaWQiOiI2MTI1ZjMyMGViNjg3Iiwic2hvcnRjb2RlIjoidmNfY29sdW1uIiwiZGF0YSI6eyJ0YWJsZXQiOnt9LCJtb2JpbGUiOnsicGFkZGluZy10b3AiOiIwIn19fQ==&#8220;]\t\t<div id=\"wd-65e1cd7c9b78f\" class=\"wd-text-block wd-wpb reset-last-child wd-rs-65e1cd7c9b78f text-left wd-fontsize-custom vc_custom_1709297027231\">\n\t\t\t<p style=\"text-align: center;\">Die W\u00e4scherei Kolczewo wurde 1976 gegr\u00fcndet und war bis 2016 unter dem Namen \u201eHarenda W\u00e4scherei\u201c t\u00e4tig. Im Jahr 2016 haben wir beschlossen, das Unternehmen zu modernisieren und den Namen zu \u00e4ndern, um unseren Standort auf der Landkarte deutlich zu kennzeichnen. Unsere W\u00e4scherei stand und steht immer noch f\u00fcr hohe Servicequalit\u00e4t, P\u00fcnktlichkeit und Zuverl\u00e4ssigkeit in der Zusammenarbeit.<\/p>\n<p style=\"text-align: center;\">Anfang 2017 haben wir den Betrieb mit neuen Maschinen ausgestattet, von Waschmaschinen \u00fcber Trockner bis hin zu einer Mangel und schlie\u00dflich die Lagerung und den Transport des gesamten Sortiments neu organisiert und an die aktuellen Standards angepasst. Wir arbeiten mit Maschinen von Miele und Girbau. Wir haben Maschinen mit unterschiedlichen Beladungen von 10 bis 60 kg eingesetzt, was es uns erm\u00f6glicht, das Sortiment jedes Kunden separat zu waschen.<\/p>\n\t\t<\/div>\n\t\t[\/vc_column][\/vc_row][vc_row][vc_column][vc_column_text woodmart_inline=&#8220;no&#8220; text_larger=&#8220;no&#8220;]<\/p>\n<p style=\"text-align: center;\">Wir haben die W\u00e4scherei mit Chemikalienspendern ausgestattet und verwenden professionelle Waschmittel f\u00fcr die W\u00e4schereiindustrie, die eine hohe und stabile Qualit\u00e4t garantieren und die Lebensdauer der W\u00e4sche deutlich verl\u00e4ngern. Die Technologie und die Chemikalien werden uns von der deutschen Firma <strong><a href=\"\/technologia\/\">SEITZ<\/a><\/strong>\u00a0geliefert, auf die wir besonders stolz sind.<\/p>\n<p style=\"text-align: center;\">Unser Unternehmen entwickelt sich st\u00e4ndig weiter. Wir r\u00fcsten uns mit zus\u00e4tzlichen Maschinen, wie einer Handtuchfaltmaschine und einer <a href=\"\/odplamianie-punktowe\/\">Detachurkabine<\/a>\u00a0die unsere Neuanschaffung ist.<\/p>\n<p style=\"text-align: center;\">Die W\u00e4scherei Kolczewo ist seit 2021 Mitglied der Stiftung\u00a0<strong><a href=\"https:\/\/polskiepralnie.pl\/\">Polskie Pralnie<\/a><\/strong> \u2013 einer Organisation, in der die meisten W\u00e4schereien aus ganz Polen zusammengeschlossen sind. Die Teilnahme an den von dieser Stiftung organisierten Veranstaltungen \u00f6ffnet uns die T\u00fcr zu neuen, innovativen Technologien und L\u00f6sungen, die wir nach und nach in unserer W\u00e4scherei einf\u00fchren. Wir haben an einer Reihe von Konferenzen teilgenommen, unter anderem in Krynica Zdr\u00f3j, Liche\u0144 und Mi\u0119dzyzdroje, sowie an der weltweiten W\u00e4schereimesse in Mailand. Weitere Informationen finden Sie auf der Registerkarte <a href=\"\/wydarzenia\/\">Veranstaltungen<\/a> und auf unseren Social-Media-Kan\u00e4len.<\/p>\n<p style=\"text-align: center;\">Im Hinblick auf eine bestm\u00f6gliche Zusammenarbeit sind wir offen f\u00fcr die Bed\u00fcrfnisse unserer Kunden und bieten gerne <a href=\"\/szkolenia-dla-serwisow-hotelowych\/\">Schulungen f\u00fcr Hoteldienstleistungen<\/a> im Umgang mit dem Hoteltextilsortiment sowie eine professionelle Beratung zur Fleckentfernung von Flecken an, die durch die Nassreinigung nicht mehr entfernt werden k\u00f6nnen.<\/p>\n<p style=\"text-align: center;\">ZWir sind uns dar\u00fcber im Klaren, dass ein Unternehmen aus Menschen besteht und Menschen ein Unternehmen sind. Deshalb haben wir beim Aufbau neuer Qualit\u00e4t besonderen Wert auf die richtige Mischung aus Management und Produktionspersonal gelegt. Unsere Mitarbeiter sind mit den Unternehmenszielen und den Bed\u00fcrfnissen der Kunden bestens vertraut und wissen, wie wichtig ein schneller Informationsfluss in alle Richtungen ist. All diese Elemente tragen zu einer hohen Organisationskultur in unserer W\u00e4scherei bei.<\/p>\n<p style=\"text-align: right;\" align=\"RIGHT\"><strong>Wir laden Sie zur Zusammenarbeit mit uns ein<\/strong><\/p>\n<p style=\"text-align: right;\" align=\"RIGHT\"><strong>Das Team der W\u00e4scherei Kolczewo<\/strong><\/p>\n<p>[\/vc_column_text][vc_empty_space woodmart_hide_large=&#8220;0&#8243; woodmart_hide_medium=&#8220;0&#8243; woodmart_hide_small=&#8220;0&#8243;][vc_column_text woodmart_inline=&#8220;no&#8220; text_larger=&#8220;no&#8220;]<\/p>\n<p style=\"text-align: center;\"><strong>WIR M\u00d6CHTEN SIE DAR\u00dcBER INFORMIEREN, DASS DIE W\u00c4SCHEREI KOLCZEWO VON DER PFR EINE UNTERST\u00dcTZUNG IN FORM EINES FINANZIELLEN ZUSCHUSSES ERHALTEN HAT.<\/strong><\/p>\n<p>[\/vc_column_text]\t\t\t<div\n\t\t\t\t\t\tclass=\" wd-rs-65b561a85e137 wd-social-icons  wd-style-colored-alt wd-size-small social-follow wd-shape-circle text-right\">\n\t\t\t\t\n\t\t\t\t\n\t\t\t\t\t\t\t\t\t<a rel=\"noopener noreferrer nofollow\" href=\"https:\/\/www.facebook.com\/p\/Pralnia-Koczewo-100065249491998\/?paipv=0&#038;eav=AfZBDF2X8VJa4WxAcndCb2L9Fqxk3uKkH2GbWYkN0ZAmSLB9IV2zQAEa4M_6Xf9NUqI&#038;_rdr\" target=\"_blank\" class=\" wd-social-icon social-facebook\" aria-label=\"Facebook social link\">\n\t\t\t\t\t\t<span class=\"wd-icon\"><\/span>\n\t\t\t\t\t\t\t\t\t\t\t<\/a>\n\t\t\t\t\n\t\t\t\t\n\t\t\t\t\n\t\t\t\t\n\t\t\t\t\t\t\t\t\t<a rel=\"noopener noreferrer nofollow\" href=\"https:\/\/www.instagram.com\/pralniakolczewo?igsh=azZ4YWs4cXUxb3dj\" target=\"_blank\" class=\" wd-social-icon social-instagram\" aria-label=\"Instagram social link\">\n\t\t\t\t\t\t<span class=\"wd-icon\"><\/span>\n\t\t\t\t\t\t\t\t\t\t\t<\/a>\n\t\t\t\t\n\t\t\t\t\n\t\t\t\t\n\t\t\t\t\n\t\t\t\t\n\t\t\t\t\n\t\t\t\t\n\t\t\t\t\n\t\t\t\t\n\t\t\t\t\n\t\t\t\t\n\t\t\t\t\n\t\t\t\t\n\t\t\t\t\n\t\t\t\t\n\t\t\t\t\n\t\t\t\t\n\t\t\t\t\n\t\t\t\t\n\t\t\t\t\n\t\t\t\t\n\t\t\t\t\n\t\t\t<\/div>\n\n\t\t[\/vc_column][\/vc_row]<\/p>\n<\/div>","protected":false},"excerpt":{"rendered":"<p>[vc_row][vc_column][\/vc_column][\/vc_row][vc_row css=&#8220;.vc_custom_1629877038080{margin-bottom: 40px !important;}&#8220; mobile_bg_img_hidden=&#8220;no&#8220; tablet_bg_img_hidden=&#8220;no&#8220; woodmart_parallax=&#8220;0&#8243; woodmart_gradient_switch=&#8220;no&#8220; row_reverse_mobile=&#8220;1&#8243; row_reverse_tablet=&#8220;1&#8243; woodmart_disable_overflow=&#8220;0&#8243; wd_z_index=&#8220;no&#8220; woodmart_css_id=&#8220;6125f32826e3d&#8220; responsive_spacing=&#8220;eyJwYXJhbV90eXBlIjoid29vZG1hcnRfcmVzcG9uc2l2ZV9zcGFjaW5nIiwic2VsZWN0b3JfaWQiOiI2MTI1ZjMyODI2ZTNkIiwic2hvcnRjb2RlIjoidmNfcm93IiwiZGF0YSI6eyJ0YWJsZXQiOnt9LCJtb2JpbGUiOnsibWFyZ2luLWJvdHRvbSI6IjIwIn19fQ==&#8220;][vc_column css=&#8220;.vc_custom_1629877010833{margin-bottom: 40px !important;padding-top: 0px !important;}&#8220; mobile_bg_img_hidden=&#8220;no&#8220;<\/p>\n","protected":false},"author":1,"featured_media":0,"parent":0,"menu_order":0,"comment_status":"closed","ping_status":"closed","template":"","meta":{"footnotes":""},"class_list":["post-10578","page","type-page","status-publish","hentry"],"yoast_head":"<!-- This site is optimized with the Yoast SEO Premium plugin v26.3 (Yoast SEO v27.4) - https:\/\/yoast.com\/product\/yoast-seo-premium-wordpress\/ -->\n<title>\u00dcber uns - Pralnia Ko\u0142czewo<\/title>\n<meta name=\"robots\" content=\"index, follow, max-snippet:-1, max-image-preview:large, max-video-preview:-1\" \/>\n<link rel=\"canonical\" href=\"https:\/\/www.pralniakolczewo.pl\/de\/uber-uns\/\" \/>\n<meta property=\"og:locale\" content=\"de_DE\" \/>\n<meta property=\"og:type\" content=\"article\" \/>\n<meta property=\"og:title\" content=\"\u00dcber uns\" \/>\n<meta property=\"og:description\" content=\"[vc_row][vc_column][\/vc_column][\/vc_row][vc_row css=&#8220;.vc_custom_1629877038080{margin-bottom: 40px !important;}&#8220; mobile_bg_img_hidden=&#8220;no&#8220; tablet_bg_img_hidden=&#8220;no&#8220; woodmart_parallax=&#8220;0&#8243; woodmart_gradient_switch=&#8220;no&#8220; row_reverse_mobile=&#8220;1&#8243; row_reverse_tablet=&#8220;1&#8243; woodmart_disable_overflow=&#8220;0&#8243; wd_z_index=&#8220;no&#8220; woodmart_css_id=&#8220;6125f32826e3d&#8220; responsive_spacing=&#8220;eyJwYXJhbV90eXBlIjoid29vZG1hcnRfcmVzcG9uc2l2ZV9zcGFjaW5nIiwic2VsZWN0b3JfaWQiOiI2MTI1ZjMyODI2ZTNkIiwic2hvcnRjb2RlIjoidmNfcm93IiwiZGF0YSI6eyJ0YWJsZXQiOnt9LCJtb2JpbGUiOnsibWFyZ2luLWJvdHRvbSI6IjIwIn19fQ==&#8220;][vc_column css=&#8220;.vc_custom_1629877010833{margin-bottom: 40px !important;padding-top: 0px !important;}&#8220; mobile_bg_img_hidden=&#8220;no&#8220;\" \/>\n<meta property=\"og:url\" content=\"https:\/\/www.pralniakolczewo.pl\/de\/uber-uns\/\" \/>\n<meta property=\"og:site_name\" content=\"Pralnia Ko\u0142czewo\" \/>\n<meta name=\"twitter:card\" content=\"summary_large_image\" \/>\n<meta name=\"twitter:label1\" content=\"Gesch\u00e4tzte Lesezeit\" \/>\n\t<meta name=\"twitter:data1\" content=\"5\u00a0Minuten\" \/>\n<script type=\"application\/ld+json\" class=\"yoast-schema-graph\">{\"@context\":\"https:\\\/\\\/schema.org\",\"@graph\":[{\"@type\":\"WebPage\",\"@id\":\"https:\\\/\\\/www.pralniakolczewo.pl\\\/de\\\/uber-uns\\\/\",\"url\":\"https:\\\/\\\/www.pralniakolczewo.pl\\\/de\\\/uber-uns\\\/\",\"name\":\"\u00dcber uns - Pralnia Ko\u0142czewo\",\"isPartOf\":{\"@id\":\"https:\\\/\\\/www.pralniakolczewo.pl\\\/de\\\/#website\"},\"datePublished\":\"2021-08-25T07:26:28+00:00\",\"breadcrumb\":{\"@id\":\"https:\\\/\\\/www.pralniakolczewo.pl\\\/de\\\/uber-uns\\\/#breadcrumb\"},\"inLanguage\":\"de\",\"potentialAction\":[{\"@type\":\"ReadAction\",\"target\":[\"https:\\\/\\\/www.pralniakolczewo.pl\\\/de\\\/uber-uns\\\/\"]}]},{\"@type\":\"BreadcrumbList\",\"@id\":\"https:\\\/\\\/www.pralniakolczewo.pl\\\/de\\\/uber-uns\\\/#breadcrumb\",\"itemListElement\":[{\"@type\":\"ListItem\",\"position\":1,\"name\":\"Home\",\"item\":\"https:\\\/\\\/www.pralniakolczewo.pl\\\/de\\\/\"},{\"@type\":\"ListItem\",\"position\":2,\"name\":\"\u00dcber uns\"}]},{\"@type\":\"WebSite\",\"@id\":\"https:\\\/\\\/www.pralniakolczewo.pl\\\/de\\\/#website\",\"url\":\"https:\\\/\\\/www.pralniakolczewo.pl\\\/de\\\/\",\"name\":\"Pralnia Ko\u0142czewo\",\"description\":\"\",\"publisher\":{\"@id\":\"https:\\\/\\\/www.pralniakolczewo.pl\\\/de\\\/#organization\"},\"potentialAction\":[{\"@type\":\"SearchAction\",\"target\":{\"@type\":\"EntryPoint\",\"urlTemplate\":\"https:\\\/\\\/www.pralniakolczewo.pl\\\/de\\\/?s={search_term_string}\"},\"query-input\":{\"@type\":\"PropertyValueSpecification\",\"valueRequired\":true,\"valueName\":\"search_term_string\"}}],\"inLanguage\":\"de\"},{\"@type\":\"Organization\",\"@id\":\"https:\\\/\\\/www.pralniakolczewo.pl\\\/de\\\/#organization\",\"name\":\"Pralnia Ko\u0142czewo\",\"url\":\"https:\\\/\\\/www.pralniakolczewo.pl\\\/de\\\/\",\"logo\":{\"@type\":\"ImageObject\",\"inLanguage\":\"de\",\"@id\":\"https:\\\/\\\/www.pralniakolczewo.pl\\\/de\\\/#\\\/schema\\\/logo\\\/image\\\/\",\"url\":\"https:\\\/\\\/www.pralniakolczewo.pl\\\/wp-content\\\/uploads\\\/2024\\\/01\\\/pralnia_kolczewo_logo.png\",\"contentUrl\":\"https:\\\/\\\/www.pralniakolczewo.pl\\\/wp-content\\\/uploads\\\/2024\\\/01\\\/pralnia_kolczewo_logo.png\",\"width\":200,\"height\":155,\"caption\":\"Pralnia Ko\u0142czewo\"},\"image\":{\"@id\":\"https:\\\/\\\/www.pralniakolczewo.pl\\\/de\\\/#\\\/schema\\\/logo\\\/image\\\/\"}}]}<\/script>\n<!-- \/ Yoast SEO Premium plugin. -->","yoast_head_json":{"title":"\u00dcber uns - Pralnia Ko\u0142czewo","robots":{"index":"index","follow":"follow","max-snippet":"max-snippet:-1","max-image-preview":"max-image-preview:large","max-video-preview":"max-video-preview:-1"},"canonical":"https:\/\/www.pralniakolczewo.pl\/de\/uber-uns\/","og_locale":"de_DE","og_type":"article","og_title":"\u00dcber uns","og_description":"[vc_row][vc_column][\/vc_column][\/vc_row][vc_row css=&#8220;.vc_custom_1629877038080{margin-bottom: 40px !important;}&#8220; mobile_bg_img_hidden=&#8220;no&#8220; tablet_bg_img_hidden=&#8220;no&#8220; woodmart_parallax=&#8220;0&#8243; woodmart_gradient_switch=&#8220;no&#8220; row_reverse_mobile=&#8220;1&#8243; row_reverse_tablet=&#8220;1&#8243; woodmart_disable_overflow=&#8220;0&#8243; wd_z_index=&#8220;no&#8220; woodmart_css_id=&#8220;6125f32826e3d&#8220; responsive_spacing=&#8220;eyJwYXJhbV90eXBlIjoid29vZG1hcnRfcmVzcG9uc2l2ZV9zcGFjaW5nIiwic2VsZWN0b3JfaWQiOiI2MTI1ZjMyODI2ZTNkIiwic2hvcnRjb2RlIjoidmNfcm93IiwiZGF0YSI6eyJ0YWJsZXQiOnt9LCJtb2JpbGUiOnsibWFyZ2luLWJvdHRvbSI6IjIwIn19fQ==&#8220;][vc_column css=&#8220;.vc_custom_1629877010833{margin-bottom: 40px !important;padding-top: 0px !important;}&#8220; mobile_bg_img_hidden=&#8220;no&#8220;","og_url":"https:\/\/www.pralniakolczewo.pl\/de\/uber-uns\/","og_site_name":"Pralnia Ko\u0142czewo","twitter_card":"summary_large_image","twitter_misc":{"Gesch\u00e4tzte Lesezeit":"5\u00a0Minuten"},"schema":{"@context":"https:\/\/schema.org","@graph":[{"@type":"WebPage","@id":"https:\/\/www.pralniakolczewo.pl\/de\/uber-uns\/","url":"https:\/\/www.pralniakolczewo.pl\/de\/uber-uns\/","name":"\u00dcber uns - Pralnia Ko\u0142czewo","isPartOf":{"@id":"https:\/\/www.pralniakolczewo.pl\/de\/#website"},"datePublished":"2021-08-25T07:26:28+00:00","breadcrumb":{"@id":"https:\/\/www.pralniakolczewo.pl\/de\/uber-uns\/#breadcrumb"},"inLanguage":"de","potentialAction":[{"@type":"ReadAction","target":["https:\/\/www.pralniakolczewo.pl\/de\/uber-uns\/"]}]},{"@type":"BreadcrumbList","@id":"https:\/\/www.pralniakolczewo.pl\/de\/uber-uns\/#breadcrumb","itemListElement":[{"@type":"ListItem","position":1,"name":"Home","item":"https:\/\/www.pralniakolczewo.pl\/de\/"},{"@type":"ListItem","position":2,"name":"\u00dcber uns"}]},{"@type":"WebSite","@id":"https:\/\/www.pralniakolczewo.pl\/de\/#website","url":"https:\/\/www.pralniakolczewo.pl\/de\/","name":"Pralnia Ko\u0142czewo","description":"","publisher":{"@id":"https:\/\/www.pralniakolczewo.pl\/de\/#organization"},"potentialAction":[{"@type":"SearchAction","target":{"@type":"EntryPoint","urlTemplate":"https:\/\/www.pralniakolczewo.pl\/de\/?s={search_term_string}"},"query-input":{"@type":"PropertyValueSpecification","valueRequired":true,"valueName":"search_term_string"}}],"inLanguage":"de"},{"@type":"Organization","@id":"https:\/\/www.pralniakolczewo.pl\/de\/#organization","name":"Pralnia Ko\u0142czewo","url":"https:\/\/www.pralniakolczewo.pl\/de\/","logo":{"@type":"ImageObject","inLanguage":"de","@id":"https:\/\/www.pralniakolczewo.pl\/de\/#\/schema\/logo\/image\/","url":"https:\/\/www.pralniakolczewo.pl\/wp-content\/uploads\/2024\/01\/pralnia_kolczewo_logo.png","contentUrl":"https:\/\/www.pralniakolczewo.pl\/wp-content\/uploads\/2024\/01\/pralnia_kolczewo_logo.png","width":200,"height":155,"caption":"Pralnia Ko\u0142czewo"},"image":{"@id":"https:\/\/www.pralniakolczewo.pl\/de\/#\/schema\/logo\/image\/"}}]}},"_links":{"self":[{"href":"https:\/\/www.pralniakolczewo.pl\/de\/wp-json\/wp\/v2\/pages\/10578","targetHints":{"allow":["GET"]}}],"collection":[{"href":"https:\/\/www.pralniakolczewo.pl\/de\/wp-json\/wp\/v2\/pages"}],"about":[{"href":"https:\/\/www.pralniakolczewo.pl\/de\/wp-json\/wp\/v2\/types\/page"}],"author":[{"embeddable":true,"href":"https:\/\/www.pralniakolczewo.pl\/de\/wp-json\/wp\/v2\/users\/1"}],"replies":[{"embeddable":true,"href":"https:\/\/www.pralniakolczewo.pl\/de\/wp-json\/wp\/v2\/comments?post=10578"}],"version-history":[{"count":0,"href":"https:\/\/www.pralniakolczewo.pl\/de\/wp-json\/wp\/v2\/pages\/10578\/revisions"}],"wp:attachment":[{"href":"https:\/\/www.pralniakolczewo.pl\/de\/wp-json\/wp\/v2\/media?parent=10578"}],"curies":[{"name":"wp","href":"https:\/\/api.w.org\/{rel}","templated":true}]}}