{"id":10571,"date":"2024-01-27T17:57:24","date_gmt":"2024-01-27T17:57:24","guid":{"rendered":"https:\/\/www.pralniakolczewo.pl\/technologie\/"},"modified":"2024-01-27T17:57:24","modified_gmt":"2024-01-27T17:57:24","slug":"technologie","status":"publish","type":"page","link":"https:\/\/www.pralniakolczewo.pl\/de\/technologie\/","title":{"rendered":"Technologie"},"content":{"rendered":"<div class=\"wpb-content-wrapper\"><p>[vc_row][vc_column]\n\t\t<div id=\"wd-65e1c2929c20e\" class=\"title-wrapper wd-wpb wd-set-mb reset-last-child  wd-rs-65e1c2929c20e wd-title-color-primary wd-title-style-simple text-center  wd-underline-colored\">\n\t\t\t\n\t\t\t<div class=\"liner-continer\">\n\t\t\t\t<h4 class=\"woodmart-title-container title  wd-font-weight- wd-fontsize-xxl\" >Seitz GMBH Waschmittel<\/h4>\n\t\t\t\t\t\t\t<\/div>\n\t\t\t\n\t\t\t\n\t\t\t\n\t\t<\/div>\n\t\t\n\t\t[vc_column_text woodmart_inline=&#8220;no&#8220; text_larger=&#8220;no&#8220;]In unserer W\u00e4scherei verwenden wir Produkte des renommierten deutschen Unternehmens SEITZ GmBH, f\u00fchrend in der Herstellung von Waschmitteln und Entwickler von innovativen Technologien. Mit seiner mehr als 130-j\u00e4hrigen Erfahrung in der Herstellung von Konzentraten f\u00fcr professionelle W\u00e4schereien hat sich dieses Unternehmen weltweit das Vertrauen der Branche erworben. <\/p>\n<p>Die Produktpalette der SEITZ GmBH zeichnet sich durch eine hohe Konzentration aus, die sich in einer hervorragenden Wirksamkeit und Effizienz niederschl\u00e4gt. Die W\u00e4scherei Kolczewo verwendet die von diesem Unternehmen angebotenen Formeln, was ein Schl\u00fcsselelement f\u00fcr die Aufrechterhaltung qualitativ hochwertiger W\u00e4schereiprozesse ist. <\/p>\n<p>Unsere jahrelange Erfahrung hat gezeigt, dass die richtige Wahl der Wasch- oder Reinigungsmittel viele Probleme, Zeit und Geld spart. Der Bedarf an Korrekturen, d.h. das erneute Waschen des Sortiments, wird dank der Verwendung von SEITZ-Mitteln und -Technologie auf ein Minimum reduziert. [\/vc_column_text]\t\t<div id=\"gallery_266\" class=\"wd-images-gallery wd-wpb wd-rs-65e1b9496bd2e photoswipe-images\" style=\"--wd-justify-content:center;--wd-align-items:center;\">\n\t\t\t\n\t\t\t<div class=\" wd-grid-g\" style=\"--wd-col-lg:4;--wd-col-md:4;--wd-col-sm:1;--wd-gap-lg:6px;\">\n\t\t\t\t\n\t\t\t\t\t\t\t\t\t\t\t\t\t\t\t<div class=\"wd-gallery-item wd-col\">\n\t\t\t\t\t\t\t\t\t\t\t\t\t\t<a href=\"https:\/\/www.pralniakolczewo.pl\/wp-content\/uploads\/2024\/01\/Certificate-Viva-Lana_Viva-Duox-Procedure-GB-2012-05-23.jpg\" data-elementor-open-lightbox=\"no\" data-index=\"1\" data-width=\"565\" data-height=\"800\" \n\t\t\t\t\t\t\t\t\t\t\t\t >\n\t\t\t\t\t\t\t\t\n\t\t\t\t\t\t\t\t<img loading=\"lazy\" decoding=\"async\" width=\"212\" height=\"300\" src=\"https:\/\/www.pralniakolczewo.pl\/wp-content\/uploads\/2024\/01\/Certificate-Viva-Lana_Viva-Duox-Procedure-GB-2012-05-23-212x300.jpg\" class=\"wd-gallery-image image-1\" alt=\"\" srcset=\"https:\/\/www.pralniakolczewo.pl\/wp-content\/uploads\/2024\/01\/Certificate-Viva-Lana_Viva-Duox-Procedure-GB-2012-05-23-212x300.jpg 212w, https:\/\/www.pralniakolczewo.pl\/wp-content\/uploads\/2024\/01\/Certificate-Viva-Lana_Viva-Duox-Procedure-GB-2012-05-23.jpg 565w\" sizes=\"auto, (max-width: 212px) 100vw, 212px\" \/>\n\t\t\t\t\t\t\t\t\t\t\t\t\t\t\t<\/a>\n\t\t\t\t\t\t\t\t\t\t\t\t<\/div>\n\t\t\t\t\t\t\t\t\t\t\t<div class=\"wd-gallery-item wd-col\">\n\t\t\t\t\t\t\t\t\t\t\t\t\t\t<a href=\"https:\/\/www.pralniakolczewo.pl\/wp-content\/uploads\/2024\/01\/Deo-Plus-pic-PL.jpg\" data-elementor-open-lightbox=\"no\" data-index=\"2\" data-width=\"571\" data-height=\"800\" \n\t\t\t\t\t\t\t\t\t\t\t\t >\n\t\t\t\t\t\t\t\t\n\t\t\t\t\t\t\t\t<img loading=\"lazy\" decoding=\"async\" width=\"214\" height=\"300\" src=\"https:\/\/www.pralniakolczewo.pl\/wp-content\/uploads\/2024\/01\/Deo-Plus-pic-PL-214x300.jpg\" class=\"wd-gallery-image image-2\" alt=\"\" srcset=\"https:\/\/www.pralniakolczewo.pl\/wp-content\/uploads\/2024\/01\/Deo-Plus-pic-PL-214x300.jpg 214w, https:\/\/www.pralniakolczewo.pl\/wp-content\/uploads\/2024\/01\/Deo-Plus-pic-PL.jpg 571w\" sizes=\"auto, (max-width: 214px) 100vw, 214px\" \/>\n\t\t\t\t\t\t\t\t\t\t\t\t\t\t\t<\/a>\n\t\t\t\t\t\t\t\t\t\t\t\t<\/div>\n\t\t\t\t\t\t\t\t\t\t\t<div class=\"wd-gallery-item wd-col\">\n\t\t\t\t\t\t\t\t\t\t\t\t\t\t<a href=\"https:\/\/www.pralniakolczewo.pl\/wp-content\/uploads\/2024\/01\/Deo-Plus-Poster-PL.jpg\" data-elementor-open-lightbox=\"no\" data-index=\"3\" data-width=\"571\" data-height=\"800\" \n\t\t\t\t\t\t\t\t\t\t\t\t >\n\t\t\t\t\t\t\t\t\n\t\t\t\t\t\t\t\t<img loading=\"lazy\" decoding=\"async\" width=\"214\" height=\"300\" src=\"https:\/\/www.pralniakolczewo.pl\/wp-content\/uploads\/2024\/01\/Deo-Plus-Poster-PL-214x300.jpg\" class=\"wd-gallery-image image-3\" alt=\"\" srcset=\"https:\/\/www.pralniakolczewo.pl\/wp-content\/uploads\/2024\/01\/Deo-Plus-Poster-PL-214x300.jpg 214w, https:\/\/www.pralniakolczewo.pl\/wp-content\/uploads\/2024\/01\/Deo-Plus-Poster-PL.jpg 571w\" sizes=\"auto, (max-width: 214px) 100vw, 214px\" \/>\n\t\t\t\t\t\t\t\t\t\t\t\t\t\t\t<\/a>\n\t\t\t\t\t\t\t\t\t\t\t\t<\/div>\n\t\t\t\t\t\t\t\t\t\t\t<div class=\"wd-gallery-item wd-col\">\n\t\t\t\t\t\t\t\t\t\t\t\t\t\t<a href=\"https:\/\/www.pralniakolczewo.pl\/wp-content\/uploads\/2024\/01\/Duox-certyfikat1.jpg\" data-elementor-open-lightbox=\"no\" data-index=\"4\" data-width=\"565\" data-height=\"800\" \n\t\t\t\t\t\t\t\t\t\t\t\t >\n\t\t\t\t\t\t\t\t\n\t\t\t\t\t\t\t\t<img loading=\"lazy\" decoding=\"async\" width=\"212\" height=\"300\" src=\"https:\/\/www.pralniakolczewo.pl\/wp-content\/uploads\/2024\/01\/Duox-certyfikat1-212x300.jpg\" class=\"wd-gallery-image image-4\" alt=\"\" srcset=\"https:\/\/www.pralniakolczewo.pl\/wp-content\/uploads\/2024\/01\/Duox-certyfikat1-212x300.jpg 212w, https:\/\/www.pralniakolczewo.pl\/wp-content\/uploads\/2024\/01\/Duox-certyfikat1.jpg 565w\" sizes=\"auto, (max-width: 212px) 100vw, 212px\" \/>\n\t\t\t\t\t\t\t\t\t\t\t\t\t\t\t<\/a>\n\t\t\t\t\t\t\t\t\t\t\t\t<\/div>\n\t\t\t\t\t\t\t\t\t\n\t\t\t\t\t\t\t<\/div>\n\n\t\t\t\t\t<\/div>\n\t\t[\/vc_column][\/vc_row]<\/p>\n<\/div>","protected":false},"excerpt":{"rendered":"<p>[vc_row][vc_column][vc_column_text woodmart_inline=&#8220;no&#8220; text_larger=&#8220;no&#8220;]In unserer W\u00e4scherei verwenden wir Produkte des renommierten deutschen Unternehmens SEITZ GmBH, f\u00fchrend in der Herstellung von Waschmitteln<\/p>\n","protected":false},"author":1,"featured_media":0,"parent":0,"menu_order":0,"comment_status":"closed","ping_status":"closed","template":"","meta":{"footnotes":""},"class_list":["post-10571","page","type-page","status-publish","hentry"],"yoast_head":"<!-- This site is optimized with the Yoast SEO Premium plugin v26.3 (Yoast SEO v27.4) - https:\/\/yoast.com\/product\/yoast-seo-premium-wordpress\/ -->\n<title>Technologie - Pralnia Ko\u0142czewo<\/title>\n<meta name=\"robots\" content=\"index, follow, max-snippet:-1, max-image-preview:large, max-video-preview:-1\" \/>\n<link rel=\"canonical\" href=\"https:\/\/www.pralniakolczewo.pl\/de\/technologie\/\" \/>\n<meta property=\"og:locale\" content=\"de_DE\" \/>\n<meta property=\"og:type\" content=\"article\" \/>\n<meta property=\"og:title\" content=\"Technologie\" \/>\n<meta property=\"og:description\" content=\"[vc_row][vc_column][vc_column_text woodmart_inline=&#8220;no&#8220; text_larger=&#8220;no&#8220;]In unserer W\u00e4scherei verwenden wir Produkte des renommierten deutschen Unternehmens SEITZ GmBH, f\u00fchrend in der Herstellung von Waschmitteln\" \/>\n<meta property=\"og:url\" content=\"https:\/\/www.pralniakolczewo.pl\/de\/technologie\/\" \/>\n<meta property=\"og:site_name\" content=\"Pralnia Ko\u0142czewo\" \/>\n<meta name=\"twitter:card\" content=\"summary_large_image\" \/>\n<meta name=\"twitter:label1\" content=\"Gesch\u00e4tzte Lesezeit\" \/>\n\t<meta name=\"twitter:data1\" content=\"1\u00a0Minute\" \/>\n<script type=\"application\/ld+json\" class=\"yoast-schema-graph\">{\"@context\":\"https:\\\/\\\/schema.org\",\"@graph\":[{\"@type\":\"WebPage\",\"@id\":\"https:\\\/\\\/www.pralniakolczewo.pl\\\/de\\\/technologie\\\/\",\"url\":\"https:\\\/\\\/www.pralniakolczewo.pl\\\/de\\\/technologie\\\/\",\"name\":\"Technologie - Pralnia Ko\u0142czewo\",\"isPartOf\":{\"@id\":\"https:\\\/\\\/www.pralniakolczewo.pl\\\/de\\\/#website\"},\"datePublished\":\"2024-01-27T17:57:24+00:00\",\"breadcrumb\":{\"@id\":\"https:\\\/\\\/www.pralniakolczewo.pl\\\/de\\\/technologie\\\/#breadcrumb\"},\"inLanguage\":\"de\",\"potentialAction\":[{\"@type\":\"ReadAction\",\"target\":[\"https:\\\/\\\/www.pralniakolczewo.pl\\\/de\\\/technologie\\\/\"]}]},{\"@type\":\"BreadcrumbList\",\"@id\":\"https:\\\/\\\/www.pralniakolczewo.pl\\\/de\\\/technologie\\\/#breadcrumb\",\"itemListElement\":[{\"@type\":\"ListItem\",\"position\":1,\"name\":\"Home\",\"item\":\"https:\\\/\\\/www.pralniakolczewo.pl\\\/de\\\/\"},{\"@type\":\"ListItem\",\"position\":2,\"name\":\"Technologie\"}]},{\"@type\":\"WebSite\",\"@id\":\"https:\\\/\\\/www.pralniakolczewo.pl\\\/de\\\/#website\",\"url\":\"https:\\\/\\\/www.pralniakolczewo.pl\\\/de\\\/\",\"name\":\"Pralnia Ko\u0142czewo\",\"description\":\"\",\"publisher\":{\"@id\":\"https:\\\/\\\/www.pralniakolczewo.pl\\\/de\\\/#organization\"},\"potentialAction\":[{\"@type\":\"SearchAction\",\"target\":{\"@type\":\"EntryPoint\",\"urlTemplate\":\"https:\\\/\\\/www.pralniakolczewo.pl\\\/de\\\/?s={search_term_string}\"},\"query-input\":{\"@type\":\"PropertyValueSpecification\",\"valueRequired\":true,\"valueName\":\"search_term_string\"}}],\"inLanguage\":\"de\"},{\"@type\":\"Organization\",\"@id\":\"https:\\\/\\\/www.pralniakolczewo.pl\\\/de\\\/#organization\",\"name\":\"Pralnia Ko\u0142czewo\",\"url\":\"https:\\\/\\\/www.pralniakolczewo.pl\\\/de\\\/\",\"logo\":{\"@type\":\"ImageObject\",\"inLanguage\":\"de\",\"@id\":\"https:\\\/\\\/www.pralniakolczewo.pl\\\/de\\\/#\\\/schema\\\/logo\\\/image\\\/\",\"url\":\"https:\\\/\\\/www.pralniakolczewo.pl\\\/wp-content\\\/uploads\\\/2024\\\/01\\\/pralnia_kolczewo_logo.png\",\"contentUrl\":\"https:\\\/\\\/www.pralniakolczewo.pl\\\/wp-content\\\/uploads\\\/2024\\\/01\\\/pralnia_kolczewo_logo.png\",\"width\":200,\"height\":155,\"caption\":\"Pralnia Ko\u0142czewo\"},\"image\":{\"@id\":\"https:\\\/\\\/www.pralniakolczewo.pl\\\/de\\\/#\\\/schema\\\/logo\\\/image\\\/\"}}]}<\/script>\n<!-- \/ Yoast SEO Premium plugin. -->","yoast_head_json":{"title":"Technologie - Pralnia Ko\u0142czewo","robots":{"index":"index","follow":"follow","max-snippet":"max-snippet:-1","max-image-preview":"max-image-preview:large","max-video-preview":"max-video-preview:-1"},"canonical":"https:\/\/www.pralniakolczewo.pl\/de\/technologie\/","og_locale":"de_DE","og_type":"article","og_title":"Technologie","og_description":"[vc_row][vc_column][vc_column_text woodmart_inline=&#8220;no&#8220; text_larger=&#8220;no&#8220;]In unserer W\u00e4scherei verwenden wir Produkte des renommierten deutschen Unternehmens SEITZ GmBH, f\u00fchrend in der Herstellung von Waschmitteln","og_url":"https:\/\/www.pralniakolczewo.pl\/de\/technologie\/","og_site_name":"Pralnia Ko\u0142czewo","twitter_card":"summary_large_image","twitter_misc":{"Gesch\u00e4tzte Lesezeit":"1\u00a0Minute"},"schema":{"@context":"https:\/\/schema.org","@graph":[{"@type":"WebPage","@id":"https:\/\/www.pralniakolczewo.pl\/de\/technologie\/","url":"https:\/\/www.pralniakolczewo.pl\/de\/technologie\/","name":"Technologie - Pralnia Ko\u0142czewo","isPartOf":{"@id":"https:\/\/www.pralniakolczewo.pl\/de\/#website"},"datePublished":"2024-01-27T17:57:24+00:00","breadcrumb":{"@id":"https:\/\/www.pralniakolczewo.pl\/de\/technologie\/#breadcrumb"},"inLanguage":"de","potentialAction":[{"@type":"ReadAction","target":["https:\/\/www.pralniakolczewo.pl\/de\/technologie\/"]}]},{"@type":"BreadcrumbList","@id":"https:\/\/www.pralniakolczewo.pl\/de\/technologie\/#breadcrumb","itemListElement":[{"@type":"ListItem","position":1,"name":"Home","item":"https:\/\/www.pralniakolczewo.pl\/de\/"},{"@type":"ListItem","position":2,"name":"Technologie"}]},{"@type":"WebSite","@id":"https:\/\/www.pralniakolczewo.pl\/de\/#website","url":"https:\/\/www.pralniakolczewo.pl\/de\/","name":"Pralnia Ko\u0142czewo","description":"","publisher":{"@id":"https:\/\/www.pralniakolczewo.pl\/de\/#organization"},"potentialAction":[{"@type":"SearchAction","target":{"@type":"EntryPoint","urlTemplate":"https:\/\/www.pralniakolczewo.pl\/de\/?s={search_term_string}"},"query-input":{"@type":"PropertyValueSpecification","valueRequired":true,"valueName":"search_term_string"}}],"inLanguage":"de"},{"@type":"Organization","@id":"https:\/\/www.pralniakolczewo.pl\/de\/#organization","name":"Pralnia Ko\u0142czewo","url":"https:\/\/www.pralniakolczewo.pl\/de\/","logo":{"@type":"ImageObject","inLanguage":"de","@id":"https:\/\/www.pralniakolczewo.pl\/de\/#\/schema\/logo\/image\/","url":"https:\/\/www.pralniakolczewo.pl\/wp-content\/uploads\/2024\/01\/pralnia_kolczewo_logo.png","contentUrl":"https:\/\/www.pralniakolczewo.pl\/wp-content\/uploads\/2024\/01\/pralnia_kolczewo_logo.png","width":200,"height":155,"caption":"Pralnia Ko\u0142czewo"},"image":{"@id":"https:\/\/www.pralniakolczewo.pl\/de\/#\/schema\/logo\/image\/"}}]}},"_links":{"self":[{"href":"https:\/\/www.pralniakolczewo.pl\/de\/wp-json\/wp\/v2\/pages\/10571","targetHints":{"allow":["GET"]}}],"collection":[{"href":"https:\/\/www.pralniakolczewo.pl\/de\/wp-json\/wp\/v2\/pages"}],"about":[{"href":"https:\/\/www.pralniakolczewo.pl\/de\/wp-json\/wp\/v2\/types\/page"}],"author":[{"embeddable":true,"href":"https:\/\/www.pralniakolczewo.pl\/de\/wp-json\/wp\/v2\/users\/1"}],"replies":[{"embeddable":true,"href":"https:\/\/www.pralniakolczewo.pl\/de\/wp-json\/wp\/v2\/comments?post=10571"}],"version-history":[{"count":0,"href":"https:\/\/www.pralniakolczewo.pl\/de\/wp-json\/wp\/v2\/pages\/10571\/revisions"}],"wp:attachment":[{"href":"https:\/\/www.pralniakolczewo.pl\/de\/wp-json\/wp\/v2\/media?parent=10571"}],"curies":[{"name":"wp","href":"https:\/\/api.w.org\/{rel}","templated":true}]}}