{"id":10567,"date":"2024-01-27T17:55:21","date_gmt":"2024-01-27T17:55:21","guid":{"rendered":"https:\/\/www.pralniakolczewo.pl\/angebot\/"},"modified":"2024-01-27T17:55:21","modified_gmt":"2024-01-27T17:55:21","slug":"angebot","status":"publish","type":"page","link":"https:\/\/www.pralniakolczewo.pl\/de\/angebot\/","title":{"rendered":"Angebot"},"content":{"rendered":"<div class=\"wpb-content-wrapper\"><p>[vc_row][vc_column width=&#8220;1\/6&#8243;][\/vc_column][vc_column width=&#8220;4\/6&#8243;]\n\t\t<div id=\"wd-65b5696cbd116\" class=\"title-wrapper wd-wpb wd-set-mb reset-last-child  wd-rs-65b5696cbd116 wd-title-color-primary wd-title-style-simple text-center  wd-underline-colored\">\n\t\t\t\n\t\t\t<div class=\"liner-continer\">\n\t\t\t\t<h4 class=\"woodmart-title-container title  wd-font-weight- wd-fontsize-xxl\" >Angebot:<\/h4>\n\t\t\t\t\t\t\t<\/div>\n\t\t\t\n\t\t\t\n\t\t\t\n\t\t<\/div>\n\t\t\n\t\t\n\t\t<div id=\"wd-65e1b644deac7\" class=\"wd-accordion wd-wpb wd-rs-65e1b644deac7  wd-style-default wd-titles-left wd-opener-pos-left wd-opener-style-arrow\" data-state=\"all_closed\">\n\t\t\t\t\t\t\t\n\t\t\t\t\n\t\t\t\t<div class=\"wd-accordion-item\">\n\t\t\t\t\t<div class=\"wd-accordion-title wd-role-btn font-primary wd-fontsize-s wd-font-weight-600\" data-accordion-index=\"0\" tabindex=\"0\">\n\t\t\t\t\t\t<div class=\"wd-accordion-title-text\">\n\t\t\t\t\t\t\t\t\t\t\t\t\t\t<span>\n\t\t\t\t\t\t\t\tW\u00e4scherei:\t\t\t\t\t\t\t<\/span>\n\t\t\t\t\t\t<\/div>\n\t\t\t\t\t\t<span class=\"wd-accordion-opener\"><\/span>\n\t\t\t\t\t<\/div>\n\n\t\t\t\t\t<div class=\"wd-accordion-content wd-entry-content\" data-accordion-index=\"0\">\n\t\t\t\t\t\t\t\t\t\t\t\t\t<div class=\"wpb-content-wrapper\">[vc_row][vc_column width=\"2\/3\"][vc_column_text woodmart_inline=\"no\" text_larger=\"no\"]\r\n<div>\r\n<ul>\r\n \t<li>Pranie wodne i krochmalenie bielizny po\u015bcielowej<\/li>\r\n \t<li>Pranie wodne \u00a0asortymentu frotte<\/li>\r\n \t<li>Pranie wodne szlafrok\u00f3w<\/li>\r\n \t<li>Pranie wodne ko\u0142der i poduszek<\/li>\r\n \t<li>Pranie wodne i krochmalenie obrus\u00f3w, serwetek i pozosta\u0142ego asortymentu gastronomicznego<\/li>\r\n \t<li>Pranie wodne koc\u00f3w i narzut<\/li>\r\n \t<li>Pranie wodne fartuch\u00f3w, zapasek, kitli kucharskich<\/li>\r\n \t<li>Pranie wodne firan<\/li>\r\n \t<li>Pranie wodne zas\u0142on<\/li>\r\n<\/ul>\r\nDo ka\u017cdego z wy\u017cej wymienionych asortyment\u00f3w stosujemy inn\u0105 technologi\u0119 prania i specjalnie dobran\u0105 chemi\u0119 niemieckiej firmy <strong><a href=\"\/technologia\/\">SEITZ<\/a><\/strong>.\r\n\r\n<\/div>\r\n<div><\/div>\r\n[\/vc_column_text][\/vc_column][vc_column width=\"1\/3\"]\t\t<div id=\"wd-65f0658c4def9\" class=\"wd-image wd-wpb wd-rs-65f0658c4def9 text-right \">\n\t\t\t\n\t\t\t<img loading=\"lazy\" decoding=\"async\" width=\"2000\" height=\"924\" src=\"https:\/\/www.pralniakolczewo.pl\/wp-content\/uploads\/2024\/03\/pranie1.webp\" class=\"attachment-full size-full\" alt=\"\" srcset=\"https:\/\/www.pralniakolczewo.pl\/wp-content\/uploads\/2024\/03\/pranie1.webp 2000w, https:\/\/www.pralniakolczewo.pl\/wp-content\/uploads\/2024\/03\/pranie1-400x185.webp 400w, https:\/\/www.pralniakolczewo.pl\/wp-content\/uploads\/2024\/03\/pranie1-1300x601.webp 1300w, https:\/\/www.pralniakolczewo.pl\/wp-content\/uploads\/2024\/03\/pranie1-768x355.webp 768w, https:\/\/www.pralniakolczewo.pl\/wp-content\/uploads\/2024\/03\/pranie1-1536x710.webp 1536w\" sizes=\"auto, (max-width: 2000px) 100vw, 2000px\" \/>\n\t\t\t\t\t<\/div>\n\t\t\t\t<div id=\"wd-65f065a9e6575\" class=\"wd-image wd-wpb wd-rs-65f065a9e6575 text-right \">\n\t\t\t\n\t\t\t<img loading=\"lazy\" decoding=\"async\" width=\"2000\" height=\"924\" src=\"https:\/\/www.pralniakolczewo.pl\/wp-content\/uploads\/2024\/03\/pranie2.webp\" class=\"attachment-full size-full\" alt=\"\" srcset=\"https:\/\/www.pralniakolczewo.pl\/wp-content\/uploads\/2024\/03\/pranie2.webp 2000w, https:\/\/www.pralniakolczewo.pl\/wp-content\/uploads\/2024\/03\/pranie2-400x185.webp 400w, https:\/\/www.pralniakolczewo.pl\/wp-content\/uploads\/2024\/03\/pranie2-1300x601.webp 1300w, https:\/\/www.pralniakolczewo.pl\/wp-content\/uploads\/2024\/03\/pranie2-768x355.webp 768w, https:\/\/www.pralniakolczewo.pl\/wp-content\/uploads\/2024\/03\/pranie2-1536x710.webp 1536w\" sizes=\"auto, (max-width: 2000px) 100vw, 2000px\" \/>\n\t\t\t\t\t<\/div>\n\t\t\t\t<div id=\"wd-65f065b3ca5d0\" class=\"wd-image wd-wpb wd-rs-65f065b3ca5d0 text-right \">\n\t\t\t\n\t\t\t<img loading=\"lazy\" decoding=\"async\" width=\"2000\" height=\"924\" src=\"https:\/\/www.pralniakolczewo.pl\/wp-content\/uploads\/2024\/03\/pranie3.webp\" class=\"attachment-full size-full\" alt=\"\" srcset=\"https:\/\/www.pralniakolczewo.pl\/wp-content\/uploads\/2024\/03\/pranie3.webp 2000w, https:\/\/www.pralniakolczewo.pl\/wp-content\/uploads\/2024\/03\/pranie3-400x185.webp 400w, https:\/\/www.pralniakolczewo.pl\/wp-content\/uploads\/2024\/03\/pranie3-1300x601.webp 1300w, https:\/\/www.pralniakolczewo.pl\/wp-content\/uploads\/2024\/03\/pranie3-768x355.webp 768w, https:\/\/www.pralniakolczewo.pl\/wp-content\/uploads\/2024\/03\/pranie3-1536x710.webp 1536w\" sizes=\"auto, (max-width: 2000px) 100vw, 2000px\" \/>\n\t\t\t\t\t<\/div>\n\t\t[\/vc_column][\/vc_row]<\/div>\n\t\t\t\t\t\t\t\t\t\t\t<\/div>\n\t\t\t\t<\/div>\n\t\t\t\t\t\t\t\n\t\t\t\t\n\t\t\t\t<div class=\"wd-accordion-item\">\n\t\t\t\t\t<div class=\"wd-accordion-title wd-role-btn font-primary wd-fontsize-s wd-font-weight-600\" data-accordion-index=\"1\" tabindex=\"0\">\n\t\t\t\t\t\t<div class=\"wd-accordion-title-text\">\n\t\t\t\t\t\t\t\t\t\t\t\t\t\t<span>\n\t\t\t\t\t\t\t\tMageln und Falten:\t\t\t\t\t\t\t<\/span>\n\t\t\t\t\t\t<\/div>\n\t\t\t\t\t\t<span class=\"wd-accordion-opener\"><\/span>\n\t\t\t\t\t<\/div>\n\n\t\t\t\t\t<div class=\"wd-accordion-content wd-entry-content\" data-accordion-index=\"1\">\n\t\t\t\t\t\t\t\t\t\t\t\t\t<div class=\"wpb-content-wrapper\">[vc_row][vc_column width=\"2\/3\"][vc_column_text woodmart_inline=\"no\" text_larger=\"no\"]\r\n<div>\r\n<ul>\r\n \t<li>Maglowanie bielizny po\u015bcielowej<\/li>\r\n \t<li>Maglowanie \u00a0obrus\u00f3w, serwetek i pozosta\u0142ego asortymentu gastronomicznego<\/li>\r\n \t<li>Prasowanie fartuch\u00f3w, zapasek i kitli kucharskich<\/li>\r\n \t<li>Maglowanie firan<\/li>\r\n \t<li>Maglowanie \u00a0zas\u0142on<\/li>\r\n<\/ul>\r\n<div>Do ka\u017cdego z wy\u017cej wymienionych asortyment\u00f3w stosujemy inn\u0105 technologi\u0119, temperatury maglowania oraz prasowania.<\/div>\r\n<\/div>\r\n[\/vc_column_text][\/vc_column][vc_column width=\"1\/3\"]\t\t<div id=\"wd-65f066c87a96d\" class=\"wd-image wd-wpb wd-rs-65f066c87a96d text-right \">\n\t\t\t\n\t\t\t<img loading=\"lazy\" decoding=\"async\" width=\"1500\" height=\"691\" src=\"https:\/\/www.pralniakolczewo.pl\/wp-content\/uploads\/2024\/03\/maglowanie-i-skladanie-1.webp\" class=\"attachment-full size-full\" alt=\"\" srcset=\"https:\/\/www.pralniakolczewo.pl\/wp-content\/uploads\/2024\/03\/maglowanie-i-skladanie-1.webp 1500w, https:\/\/www.pralniakolczewo.pl\/wp-content\/uploads\/2024\/03\/maglowanie-i-skladanie-1-400x184.webp 400w, https:\/\/www.pralniakolczewo.pl\/wp-content\/uploads\/2024\/03\/maglowanie-i-skladanie-1-1300x599.webp 1300w, https:\/\/www.pralniakolczewo.pl\/wp-content\/uploads\/2024\/03\/maglowanie-i-skladanie-1-768x354.webp 768w\" sizes=\"auto, (max-width: 1500px) 100vw, 1500px\" \/>\n\t\t\t\t\t<\/div>\n\t\t\t\t<div id=\"wd-65f066ddc9db0\" class=\"wd-image wd-wpb wd-rs-65f066ddc9db0 text-right \">\n\t\t\t\n\t\t\t<img loading=\"lazy\" decoding=\"async\" width=\"1500\" height=\"693\" src=\"https:\/\/www.pralniakolczewo.pl\/wp-content\/uploads\/2024\/03\/maglowanie-i-skladanie2.webp\" class=\"attachment-full size-full\" alt=\"\" srcset=\"https:\/\/www.pralniakolczewo.pl\/wp-content\/uploads\/2024\/03\/maglowanie-i-skladanie2.webp 1500w, https:\/\/www.pralniakolczewo.pl\/wp-content\/uploads\/2024\/03\/maglowanie-i-skladanie2-400x185.webp 400w, https:\/\/www.pralniakolczewo.pl\/wp-content\/uploads\/2024\/03\/maglowanie-i-skladanie2-1300x601.webp 1300w, https:\/\/www.pralniakolczewo.pl\/wp-content\/uploads\/2024\/03\/maglowanie-i-skladanie2-768x355.webp 768w\" sizes=\"auto, (max-width: 1500px) 100vw, 1500px\" \/>\n\t\t\t\t\t<\/div>\n\t\t\t\t<div id=\"wd-65f066f29844a\" class=\"wd-image wd-wpb wd-rs-65f066f29844a text-right \">\n\t\t\t\n\t\t\t<img loading=\"lazy\" decoding=\"async\" width=\"1500\" height=\"693\" src=\"https:\/\/www.pralniakolczewo.pl\/wp-content\/uploads\/2024\/03\/maglowanie-i-skladanie3.webp\" class=\"attachment-full size-full\" alt=\"\" srcset=\"https:\/\/www.pralniakolczewo.pl\/wp-content\/uploads\/2024\/03\/maglowanie-i-skladanie3.webp 1500w, https:\/\/www.pralniakolczewo.pl\/wp-content\/uploads\/2024\/03\/maglowanie-i-skladanie3-400x185.webp 400w, https:\/\/www.pralniakolczewo.pl\/wp-content\/uploads\/2024\/03\/maglowanie-i-skladanie3-1300x601.webp 1300w, https:\/\/www.pralniakolczewo.pl\/wp-content\/uploads\/2024\/03\/maglowanie-i-skladanie3-768x355.webp 768w\" sizes=\"auto, (max-width: 1500px) 100vw, 1500px\" \/>\n\t\t\t\t\t<\/div>\n\t\t[\/vc_column][\/vc_row]<\/div>\n\t\t\t\t\t\t\t\t\t\t\t<\/div>\n\t\t\t\t<\/div>\n\t\t\t\t\t\t\t\n\t\t\t\t\n\t\t\t\t<div class=\"wd-accordion-item\">\n\t\t\t\t\t<div class=\"wd-accordion-title wd-role-btn font-primary wd-fontsize-s wd-font-weight-600\" data-accordion-index=\"2\" tabindex=\"0\">\n\t\t\t\t\t\t<div class=\"wd-accordion-title-text\">\n\t\t\t\t\t\t\t\t\t\t\t\t\t\t<span>\n\t\t\t\t\t\t\t\tFleckentfernung\/Detachur:\t\t\t\t\t\t\t<\/span>\n\t\t\t\t\t\t<\/div>\n\t\t\t\t\t\t<span class=\"wd-accordion-opener\"><\/span>\n\t\t\t\t\t<\/div>\n\n\t\t\t\t\t<div class=\"wd-accordion-content wd-entry-content\" data-accordion-index=\"2\">\n\t\t\t\t\t\t\t\t\t\t\t\t\t<div class=\"wpb-content-wrapper\">[vc_row][vc_column width=\"2\/3\"][vc_column_text woodmart_inline=\"no\" text_larger=\"no\"]Odplamianie punktowe (detasz) \u2013 specjalny zabieg punktowy ukierunkowany na indywidualne plamy. Pozwala na usuni\u0119cie ok 70% plam, kt\u00f3rych nie da si\u0119 ju\u017c usun\u0105\u0107 w praniu wodnym.\r\n\r\nOp\u0142at\u0119 pobieramy tylko za plamy, kt\u00f3re uda nam si\u0119 usun\u0105\u0107.\r\n\r\nKoszt punktowego usuni\u0119cia plamy - od 10z\u0142 netto.[\/vc_column_text][\/vc_column][vc_column width=\"1\/3\"]\t\t<div id=\"wd-65f0697cbcaa9\" class=\"wd-image wd-wpb wd-rs-65f0697cbcaa9 text-right \">\n\t\t\t\n\t\t\t<img loading=\"lazy\" decoding=\"async\" width=\"1500\" height=\"693\" src=\"https:\/\/www.pralniakolczewo.pl\/wp-content\/uploads\/2024\/03\/detasz1.webp\" class=\"attachment-full size-full\" alt=\"\" srcset=\"https:\/\/www.pralniakolczewo.pl\/wp-content\/uploads\/2024\/03\/detasz1.webp 1500w, https:\/\/www.pralniakolczewo.pl\/wp-content\/uploads\/2024\/03\/detasz1-400x185.webp 400w, https:\/\/www.pralniakolczewo.pl\/wp-content\/uploads\/2024\/03\/detasz1-1300x601.webp 1300w, https:\/\/www.pralniakolczewo.pl\/wp-content\/uploads\/2024\/03\/detasz1-768x355.webp 768w\" sizes=\"auto, (max-width: 1500px) 100vw, 1500px\" \/>\n\t\t\t\t\t<\/div>\n\t\t\t\t<div id=\"wd-65f06991e5af1\" class=\"wd-image wd-wpb wd-rs-65f06991e5af1 text-right \">\n\t\t\t\n\t\t\t<img loading=\"lazy\" decoding=\"async\" width=\"1500\" height=\"693\" src=\"https:\/\/www.pralniakolczewo.pl\/wp-content\/uploads\/2024\/03\/detasz2.webp\" class=\"attachment-full size-full\" alt=\"\" srcset=\"https:\/\/www.pralniakolczewo.pl\/wp-content\/uploads\/2024\/03\/detasz2.webp 1500w, https:\/\/www.pralniakolczewo.pl\/wp-content\/uploads\/2024\/03\/detasz2-400x185.webp 400w, https:\/\/www.pralniakolczewo.pl\/wp-content\/uploads\/2024\/03\/detasz2-1300x601.webp 1300w, https:\/\/www.pralniakolczewo.pl\/wp-content\/uploads\/2024\/03\/detasz2-768x355.webp 768w\" sizes=\"auto, (max-width: 1500px) 100vw, 1500px\" \/>\n\t\t\t\t\t<\/div>\n\t\t[\/vc_column][\/vc_row]<\/div>\n\t\t\t\t\t\t\t\t\t\t\t<\/div>\n\t\t\t\t<\/div>\n\t\t\t\t\t\t\t\n\t\t\t\t\n\t\t\t\t<div class=\"wd-accordion-item\">\n\t\t\t\t\t<div class=\"wd-accordion-title wd-role-btn font-primary wd-fontsize-s wd-font-weight-600\" data-accordion-index=\"3\" tabindex=\"0\">\n\t\t\t\t\t\t<div class=\"wd-accordion-title-text\">\n\t\t\t\t\t\t\t\t\t\t\t\t\t\t<span>\n\t\t\t\t\t\t\t\tVerpackung und Transport:\t\t\t\t\t\t\t<\/span>\n\t\t\t\t\t\t<\/div>\n\t\t\t\t\t\t<span class=\"wd-accordion-opener\"><\/span>\n\t\t\t\t\t<\/div>\n\n\t\t\t\t\t<div class=\"wd-accordion-content wd-entry-content\" data-accordion-index=\"3\">\n\t\t\t\t\t\t\t\t\t\t\t\t\t<div class=\"wpb-content-wrapper\">[vc_row][vc_column width=\"2\/3\"][vc_column_text woodmart_inline=\"no\" text_larger=\"no\"]\r\n<ul>\r\n \t<li>Na \u017cyczenie klienta wykonujemy odp\u0142atne foliowanie czystego asortymentu<\/li>\r\n \t<li>Nasze kosze transportowe posiadaj\u0105 niebrudz\u0105ce ko\u0142a, kt\u00f3re umo\u017cliwiaj\u0105 zastosowanie ich w wewn\u0119trznym transporcie hotelowym.<\/li>\r\n \t<li>Do ka\u017cdej dostawy do\u0142\u0105czamy specyfikacj\u0119 ilo\u015bciow\u0105 i wagow\u0105.<\/li>\r\n \t<li>Gwarantujemy terminowy i niezawodny transport \u2013 r\u00f3wnie\u017c w szczycie sezonu letniego.<\/li>\r\n<\/ul>\r\n[\/vc_column_text][\/vc_column][vc_column width=\"1\/3\"]\t\t<div id=\"wd-65f06a2b547cc\" class=\"wd-image wd-wpb wd-rs-65f06a2b547cc text-right \">\n\t\t\t\n\t\t\t<img loading=\"lazy\" decoding=\"async\" width=\"1500\" height=\"693\" src=\"https:\/\/www.pralniakolczewo.pl\/wp-content\/uploads\/2024\/03\/transport1.webp\" class=\"attachment-full size-full\" alt=\"\" srcset=\"https:\/\/www.pralniakolczewo.pl\/wp-content\/uploads\/2024\/03\/transport1.webp 1500w, https:\/\/www.pralniakolczewo.pl\/wp-content\/uploads\/2024\/03\/transport1-400x185.webp 400w, https:\/\/www.pralniakolczewo.pl\/wp-content\/uploads\/2024\/03\/transport1-1300x601.webp 1300w, https:\/\/www.pralniakolczewo.pl\/wp-content\/uploads\/2024\/03\/transport1-768x355.webp 768w\" sizes=\"auto, (max-width: 1500px) 100vw, 1500px\" \/>\n\t\t\t\t\t<\/div>\n\t\t\t\t<div id=\"wd-65f06a3ba4f38\" class=\"wd-image wd-wpb wd-rs-65f06a3ba4f38 text-right \">\n\t\t\t\n\t\t\t<img loading=\"lazy\" decoding=\"async\" width=\"1500\" height=\"693\" src=\"https:\/\/www.pralniakolczewo.pl\/wp-content\/uploads\/2024\/03\/transport2.webp\" class=\"attachment-full size-full\" alt=\"\" srcset=\"https:\/\/www.pralniakolczewo.pl\/wp-content\/uploads\/2024\/03\/transport2.webp 1500w, https:\/\/www.pralniakolczewo.pl\/wp-content\/uploads\/2024\/03\/transport2-400x185.webp 400w, https:\/\/www.pralniakolczewo.pl\/wp-content\/uploads\/2024\/03\/transport2-1300x601.webp 1300w, https:\/\/www.pralniakolczewo.pl\/wp-content\/uploads\/2024\/03\/transport2-768x355.webp 768w\" sizes=\"auto, (max-width: 1500px) 100vw, 1500px\" \/>\n\t\t\t\t\t<\/div>\n\t\t[\/vc_column][\/vc_row]<\/div>\n\t\t\t\t\t\t\t\t\t\t\t<\/div>\n\t\t\t\t<\/div>\n\t\t\t\t\t\t\t\t\t\t\t\t\t\t<\/div>\n\n\t\t[vc_empty_space woodmart_hide_large=&#8220;0&#8243; woodmart_hide_medium=&#8220;0&#8243; woodmart_hide_small=&#8220;0&#8243;]\n\t\t<div id=\"wd-65b5689e054a3\" class=\"title-wrapper wd-wpb wd-set-mb reset-last-child  wd-rs-65b5689e054a3 wd-title-color-primary wd-title-style-simple text-center  wd-underline-colored\">\n\t\t\t\n\t\t\t<div class=\"liner-continer\">\n\t\t\t\t<h4 class=\"woodmart-title-container title  wd-font-weight- wd-fontsize-xxl\" >Die Preisliste:<\/h4>\n\t\t\t\t\t\t\t<\/div>\n\t\t\t\n\t\t\t\n\t\t\t\n\t\t<\/div>\n\t\t\n\t\t[vc_raw_html]JTVCdGFibGUlMjBpZCUzRDIlMjAlMkYlNUQ=[\/vc_raw_html][\/vc_column][vc_column width=&#8220;1\/6&#8243;][\/vc_column][\/vc_row]<\/p>\n<\/div>","protected":false},"excerpt":{"rendered":"<p>[vc_row][vc_column width=&#8220;1\/6&#8243;][\/vc_column][vc_column width=&#8220;4\/6&#8243;][vc_empty_space woodmart_hide_large=&#8220;0&#8243; woodmart_hide_medium=&#8220;0&#8243; woodmart_hide_small=&#8220;0&#8243;][vc_raw_html]JTVCdGFibGUlMjBpZCUzRDIlMjAlMkYlNUQ=[\/vc_raw_html][\/vc_column][vc_column width=&#8220;1\/6&#8243;][\/vc_column][\/vc_row]<\/p>\n","protected":false},"author":1,"featured_media":0,"parent":0,"menu_order":0,"comment_status":"closed","ping_status":"closed","template":"","meta":{"footnotes":""},"class_list":["post-10567","page","type-page","status-publish","hentry"],"yoast_head":"<!-- This site is optimized with the Yoast SEO Premium plugin v26.3 (Yoast SEO v27.4) - https:\/\/yoast.com\/product\/yoast-seo-premium-wordpress\/ -->\n<title>Angebot - Pralnia Ko\u0142czewo<\/title>\n<meta name=\"robots\" content=\"index, follow, max-snippet:-1, max-image-preview:large, max-video-preview:-1\" \/>\n<link rel=\"canonical\" href=\"https:\/\/www.pralniakolczewo.pl\/de\/angebot\/\" \/>\n<meta property=\"og:locale\" content=\"de_DE\" \/>\n<meta property=\"og:type\" content=\"article\" \/>\n<meta property=\"og:title\" content=\"Angebot\" \/>\n<meta property=\"og:description\" content=\"[vc_row][vc_column width=&#8220;1\/6&#8243;][\/vc_column][vc_column width=&#8220;4\/6&#8243;][vc_empty_space woodmart_hide_large=&#8220;0&#8243; woodmart_hide_medium=&#8220;0&#8243; woodmart_hide_small=&#8220;0&#8243;][vc_raw_html]JTVCdGFibGUlMjBpZCUzRDIlMjAlMkYlNUQ=[\/vc_raw_html][\/vc_column][vc_column width=&#8220;1\/6&#8243;][\/vc_column][\/vc_row]\" \/>\n<meta property=\"og:url\" content=\"https:\/\/www.pralniakolczewo.pl\/de\/angebot\/\" \/>\n<meta property=\"og:site_name\" content=\"Pralnia Ko\u0142czewo\" \/>\n<meta name=\"twitter:card\" content=\"summary_large_image\" \/>\n<meta name=\"twitter:label1\" content=\"Gesch\u00e4tzte Lesezeit\" \/>\n\t<meta name=\"twitter:data1\" content=\"1\u00a0Minute\" \/>\n<script type=\"application\/ld+json\" class=\"yoast-schema-graph\">{\"@context\":\"https:\\\/\\\/schema.org\",\"@graph\":[{\"@type\":\"WebPage\",\"@id\":\"https:\\\/\\\/www.pralniakolczewo.pl\\\/de\\\/angebot\\\/\",\"url\":\"https:\\\/\\\/www.pralniakolczewo.pl\\\/de\\\/angebot\\\/\",\"name\":\"Angebot - Pralnia Ko\u0142czewo\",\"isPartOf\":{\"@id\":\"https:\\\/\\\/www.pralniakolczewo.pl\\\/de\\\/#website\"},\"datePublished\":\"2024-01-27T17:55:21+00:00\",\"breadcrumb\":{\"@id\":\"https:\\\/\\\/www.pralniakolczewo.pl\\\/de\\\/angebot\\\/#breadcrumb\"},\"inLanguage\":\"de\",\"potentialAction\":[{\"@type\":\"ReadAction\",\"target\":[\"https:\\\/\\\/www.pralniakolczewo.pl\\\/de\\\/angebot\\\/\"]}]},{\"@type\":\"BreadcrumbList\",\"@id\":\"https:\\\/\\\/www.pralniakolczewo.pl\\\/de\\\/angebot\\\/#breadcrumb\",\"itemListElement\":[{\"@type\":\"ListItem\",\"position\":1,\"name\":\"Home\",\"item\":\"https:\\\/\\\/www.pralniakolczewo.pl\\\/de\\\/\"},{\"@type\":\"ListItem\",\"position\":2,\"name\":\"Angebot\"}]},{\"@type\":\"WebSite\",\"@id\":\"https:\\\/\\\/www.pralniakolczewo.pl\\\/de\\\/#website\",\"url\":\"https:\\\/\\\/www.pralniakolczewo.pl\\\/de\\\/\",\"name\":\"Pralnia Ko\u0142czewo\",\"description\":\"\",\"publisher\":{\"@id\":\"https:\\\/\\\/www.pralniakolczewo.pl\\\/de\\\/#organization\"},\"potentialAction\":[{\"@type\":\"SearchAction\",\"target\":{\"@type\":\"EntryPoint\",\"urlTemplate\":\"https:\\\/\\\/www.pralniakolczewo.pl\\\/de\\\/?s={search_term_string}\"},\"query-input\":{\"@type\":\"PropertyValueSpecification\",\"valueRequired\":true,\"valueName\":\"search_term_string\"}}],\"inLanguage\":\"de\"},{\"@type\":\"Organization\",\"@id\":\"https:\\\/\\\/www.pralniakolczewo.pl\\\/de\\\/#organization\",\"name\":\"Pralnia Ko\u0142czewo\",\"url\":\"https:\\\/\\\/www.pralniakolczewo.pl\\\/de\\\/\",\"logo\":{\"@type\":\"ImageObject\",\"inLanguage\":\"de\",\"@id\":\"https:\\\/\\\/www.pralniakolczewo.pl\\\/de\\\/#\\\/schema\\\/logo\\\/image\\\/\",\"url\":\"https:\\\/\\\/www.pralniakolczewo.pl\\\/wp-content\\\/uploads\\\/2024\\\/01\\\/pralnia_kolczewo_logo.png\",\"contentUrl\":\"https:\\\/\\\/www.pralniakolczewo.pl\\\/wp-content\\\/uploads\\\/2024\\\/01\\\/pralnia_kolczewo_logo.png\",\"width\":200,\"height\":155,\"caption\":\"Pralnia Ko\u0142czewo\"},\"image\":{\"@id\":\"https:\\\/\\\/www.pralniakolczewo.pl\\\/de\\\/#\\\/schema\\\/logo\\\/image\\\/\"}}]}<\/script>\n<!-- \/ Yoast SEO Premium plugin. -->","yoast_head_json":{"title":"Angebot - Pralnia Ko\u0142czewo","robots":{"index":"index","follow":"follow","max-snippet":"max-snippet:-1","max-image-preview":"max-image-preview:large","max-video-preview":"max-video-preview:-1"},"canonical":"https:\/\/www.pralniakolczewo.pl\/de\/angebot\/","og_locale":"de_DE","og_type":"article","og_title":"Angebot","og_description":"[vc_row][vc_column width=&#8220;1\/6&#8243;][\/vc_column][vc_column width=&#8220;4\/6&#8243;][vc_empty_space woodmart_hide_large=&#8220;0&#8243; woodmart_hide_medium=&#8220;0&#8243; woodmart_hide_small=&#8220;0&#8243;][vc_raw_html]JTVCdGFibGUlMjBpZCUzRDIlMjAlMkYlNUQ=[\/vc_raw_html][\/vc_column][vc_column width=&#8220;1\/6&#8243;][\/vc_column][\/vc_row]","og_url":"https:\/\/www.pralniakolczewo.pl\/de\/angebot\/","og_site_name":"Pralnia Ko\u0142czewo","twitter_card":"summary_large_image","twitter_misc":{"Gesch\u00e4tzte Lesezeit":"1\u00a0Minute"},"schema":{"@context":"https:\/\/schema.org","@graph":[{"@type":"WebPage","@id":"https:\/\/www.pralniakolczewo.pl\/de\/angebot\/","url":"https:\/\/www.pralniakolczewo.pl\/de\/angebot\/","name":"Angebot - Pralnia Ko\u0142czewo","isPartOf":{"@id":"https:\/\/www.pralniakolczewo.pl\/de\/#website"},"datePublished":"2024-01-27T17:55:21+00:00","breadcrumb":{"@id":"https:\/\/www.pralniakolczewo.pl\/de\/angebot\/#breadcrumb"},"inLanguage":"de","potentialAction":[{"@type":"ReadAction","target":["https:\/\/www.pralniakolczewo.pl\/de\/angebot\/"]}]},{"@type":"BreadcrumbList","@id":"https:\/\/www.pralniakolczewo.pl\/de\/angebot\/#breadcrumb","itemListElement":[{"@type":"ListItem","position":1,"name":"Home","item":"https:\/\/www.pralniakolczewo.pl\/de\/"},{"@type":"ListItem","position":2,"name":"Angebot"}]},{"@type":"WebSite","@id":"https:\/\/www.pralniakolczewo.pl\/de\/#website","url":"https:\/\/www.pralniakolczewo.pl\/de\/","name":"Pralnia Ko\u0142czewo","description":"","publisher":{"@id":"https:\/\/www.pralniakolczewo.pl\/de\/#organization"},"potentialAction":[{"@type":"SearchAction","target":{"@type":"EntryPoint","urlTemplate":"https:\/\/www.pralniakolczewo.pl\/de\/?s={search_term_string}"},"query-input":{"@type":"PropertyValueSpecification","valueRequired":true,"valueName":"search_term_string"}}],"inLanguage":"de"},{"@type":"Organization","@id":"https:\/\/www.pralniakolczewo.pl\/de\/#organization","name":"Pralnia Ko\u0142czewo","url":"https:\/\/www.pralniakolczewo.pl\/de\/","logo":{"@type":"ImageObject","inLanguage":"de","@id":"https:\/\/www.pralniakolczewo.pl\/de\/#\/schema\/logo\/image\/","url":"https:\/\/www.pralniakolczewo.pl\/wp-content\/uploads\/2024\/01\/pralnia_kolczewo_logo.png","contentUrl":"https:\/\/www.pralniakolczewo.pl\/wp-content\/uploads\/2024\/01\/pralnia_kolczewo_logo.png","width":200,"height":155,"caption":"Pralnia Ko\u0142czewo"},"image":{"@id":"https:\/\/www.pralniakolczewo.pl\/de\/#\/schema\/logo\/image\/"}}]}},"_links":{"self":[{"href":"https:\/\/www.pralniakolczewo.pl\/de\/wp-json\/wp\/v2\/pages\/10567","targetHints":{"allow":["GET"]}}],"collection":[{"href":"https:\/\/www.pralniakolczewo.pl\/de\/wp-json\/wp\/v2\/pages"}],"about":[{"href":"https:\/\/www.pralniakolczewo.pl\/de\/wp-json\/wp\/v2\/types\/page"}],"author":[{"embeddable":true,"href":"https:\/\/www.pralniakolczewo.pl\/de\/wp-json\/wp\/v2\/users\/1"}],"replies":[{"embeddable":true,"href":"https:\/\/www.pralniakolczewo.pl\/de\/wp-json\/wp\/v2\/comments?post=10567"}],"version-history":[{"count":0,"href":"https:\/\/www.pralniakolczewo.pl\/de\/wp-json\/wp\/v2\/pages\/10567\/revisions"}],"wp:attachment":[{"href":"https:\/\/www.pralniakolczewo.pl\/de\/wp-json\/wp\/v2\/media?parent=10567"}],"curies":[{"name":"wp","href":"https:\/\/api.w.org\/{rel}","templated":true}]}}