{"id":10550,"date":"2024-04-23T09:34:37","date_gmt":"2024-04-23T09:34:37","guid":{"rendered":"https:\/\/www.pralniakolczewo.pl\/pranie-odziezy\/"},"modified":"2025-02-06T19:57:21","modified_gmt":"2025-02-06T19:57:21","slug":"pranie-odziezy","status":"publish","type":"page","link":"https:\/\/www.pralniakolczewo.pl\/de\/pranie-odziezy\/","title":{"rendered":"Pranie odzie\u017cy"},"content":{"rendered":"<div class=\"wpb-content-wrapper\"><p>[vc_row][vc_column width=&#8220;1\/4&#8243;][\/vc_column][vc_column width=&#8220;2\/4&#8243;]\n\t\t<div id=\"wd-67a5140680256\" class=\"title-wrapper wd-wpb wd-set-mb reset-last-child  wd-rs-67a5140680256 wd-title-color-primary wd-title-style-simple text-center  wd-underline-colored\">\n\t\t\t\n\t\t\t<div class=\"liner-continer\">\n\t\t\t\t<h4 class=\"woodmart-title-container title  wd-font-weight- wd-fontsize-xxl\" >Kleiderreinigung<\/h4>\n\t\t\t\t\t\t\t<\/div>\n\t\t\t\n\t\t\t\n\t\t\t\n\t\t<\/div>\n\t\t\n\t\t[vc_empty_space woodmart_hide_large=&#8220;0&#8243; woodmart_hide_medium=&#8220;0&#8243; woodmart_hide_small=&#8220;0&#8243;][vc_column_text css=&#8220;&#8220; woodmart_inline=&#8220;no&#8220; text_larger=&#8220;no&#8220;]<\/p>\n<p class=\"v1MsoNormal\" style=\"text-align: center;\"><span style=\"color: #000000;\">Jako punkt partnerski realizujemy us\u0142ugi chemicznego prania odzie\u017cy.<\/span><\/p>\n<p class=\"v1MsoNormal\" style=\"text-align: center;\"><span style=\"color: #000000;\">Czas realizacji wynosi 7 dni.<\/span><\/p>\n<p>[\/vc_column_text][vc_empty_space woodmart_hide_large=&#8220;0&#8243; woodmart_hide_medium=&#8220;0&#8243; woodmart_hide_small=&#8220;0&#8243;][vc_column_text css=&#8220;&#8220; woodmart_inline=&#8220;no&#8220; text_larger=&#8220;no&#8220;]<\/p>\n<table class=\" alignleft\" border=\"0\" width=\"100%\">\n<tbody>\n<tr>\n<td width=\"70%\"><strong>US\u0141UGI STANDARDOWE<\/strong><\/td>\n<td width=\"30%\"><strong>Cena<\/strong><\/td>\n<\/tr>\n<tr>\n<td>Alba<\/td>\n<td>40,24 z\u0142<\/td>\n<\/tr>\n<tr>\n<td>Bluza<\/td>\n<td>40,24 z\u0142<\/td>\n<\/tr>\n<tr>\n<td>Bluzka damska<\/td>\n<td>29,89 z\u0142<\/td>\n<\/tr>\n<tr>\n<td>Bolerko \/ \u017bakiet z kr\u00f3tkim r\u0119kawem<\/td>\n<td>34,49 z\u0142<\/td>\n<\/tr>\n<tr>\n<td>Czapka<\/td>\n<td>22,99 z\u0142<\/td>\n<\/tr>\n<tr>\n<td>Dres<\/td>\n<td>49,44 z\u0142<\/td>\n<\/tr>\n<tr>\n<td>Fartuch<\/td>\n<td>28,74 z\u0142<\/td>\n<\/tr>\n<tr>\n<td>Futro sztuczne<\/td>\n<td>63,24 z\u0142<\/td>\n<\/tr>\n<tr>\n<td>Futrzak we\u0142niany du\u017cy<\/td>\n<td>103,49 z\u0142<\/td>\n<\/tr>\n<tr>\n<td>Futrzak we\u0142niany ma\u0142y<\/td>\n<td>68,99 z\u0142<\/td>\n<\/tr>\n<tr>\n<td>Kamizelka<\/td>\n<td>28,74 z\u0142<\/td>\n<\/tr>\n<tr>\n<td>Kamizelka ocieplana<\/td>\n<td>45,99 z\u0142<\/td>\n<\/tr>\n<tr>\n<td>Kamizelka puchowa<\/td>\n<td>63,24 z\u0142<\/td>\n<\/tr>\n<tr>\n<td>Kombinezon narciarski<\/td>\n<td>103,49 z\u0142<\/td>\n<\/tr>\n<tr>\n<td>Koszulka polo \/ t-shirt<\/td>\n<td>22,99 z\u0142<\/td>\n<\/tr>\n<tr>\n<td>Ko\u017cuch ekologiczny<\/td>\n<td>57,49 z\u0142<\/td>\n<\/tr>\n<tr>\n<td>Krawat<\/td>\n<td>28,74 z\u0142<\/td>\n<\/tr>\n<tr>\n<td>Kurtka flauszowa<\/td>\n<td>57,49 z\u0142<\/td>\n<\/tr>\n<tr>\n<td>Kurtka ocieplana<\/td>\n<td>57,49 z\u0142<\/td>\n<\/tr>\n<tr>\n<td>Kurtka ocieplana d\u0142uga<\/td>\n<td>68,99 z\u0142<\/td>\n<\/tr>\n<tr>\n<td>Kurtka puchowa<\/td>\n<td>68,99 z\u0142<\/td>\n<\/tr>\n<tr>\n<td>Kurtka wiatr\u00f3wka<\/td>\n<td>51,74 z\u0142<\/td>\n<\/tr>\n<tr>\n<td>Marynarka\/ \u017bakiet<\/td>\n<td>45,99 z\u0142<\/td>\n<\/tr>\n<tr>\n<td>Plecak Torebka tekstylna<\/td>\n<td>63,24 z\u0142<\/td>\n<\/tr>\n<tr>\n<td>P\u0142aszcz Jesionka<\/td>\n<td>63,24 z\u0142<\/td>\n<\/tr>\n<tr>\n<td>P\u0142aszcz prochowiec<\/td>\n<td>57,49 z\u0142<\/td>\n<\/tr>\n<tr>\n<td>P\u0142aszcz puchowy<\/td>\n<td>80,49 z\u0142<\/td>\n<\/tr>\n<tr>\n<td>R\u0119kawiczki<\/td>\n<td>22,99 z\u0142<\/td>\n<\/tr>\n<tr>\n<td>Spodnie<\/td>\n<td>40,24 z\u0142<\/td>\n<\/tr>\n<tr>\n<td>Spodnie kr\u00f3tkie<\/td>\n<td>28,74 z\u0142<\/td>\n<\/tr>\n<tr>\n<td>Spodnie ocieplane<\/td>\n<td>51,74 z\u0142<\/td>\n<\/tr>\n<tr>\n<td>Spodnium<\/td>\n<td>51,74 z\u0142<\/td>\n<\/tr>\n<tr>\n<td>Sp\u00f3dnica<\/td>\n<td>40,24 z\u0142<\/td>\n<\/tr>\n<tr>\n<td>Sp\u00f3dnica plisowana<\/td>\n<td>45,99 z\u0142<\/td>\n<\/tr>\n<tr>\n<td>Sukienka koktajlowa<\/td>\n<td>51,74 z\u0142<\/td>\n<\/tr>\n<tr>\n<td>Sukienka komunijna<\/td>\n<td>74,74 z\u0142<\/td>\n<\/tr>\n<tr>\n<td>Sukienka prosta<\/td>\n<td>45,99 z\u0142<\/td>\n<\/tr>\n<tr>\n<td>Sukienka wieczorowa<\/td>\n<td>74,74 z\u0142<\/td>\n<\/tr>\n<tr>\n<td>Suknia \u015blubna<\/td>\n<td>287,49 z\u0142<\/td>\n<\/tr>\n<tr>\n<td>Sutanna<\/td>\n<td>74,74 z\u0142<\/td>\n<\/tr>\n<tr>\n<td>Sweter<\/td>\n<td>34,49 z\u0142<\/td>\n<\/tr>\n<tr>\n<td>Szal\/ Apaszka<\/td>\n<td>22,99 z\u0142<\/td>\n<\/tr>\n<tr>\n<td>Szlafrok\/ Pi\u017cama<\/td>\n<td>34,49 z\u0142<\/td>\n<\/tr>\n<tr>\n<td>\u015apiw\u00f3r<\/td>\n<td>74,74 z\u0142<\/td>\n<\/tr>\n<tr>\n<td>Toga<\/td>\n<td>74,74 z\u0142<\/td>\n<\/tr>\n<\/tbody>\n<\/table>\n<p>[\/vc_column_text][\/vc_column][vc_column width=&#8220;1\/4&#8243;][\/vc_column][\/vc_row]<\/p>\n<\/div>","protected":false},"excerpt":{"rendered":"<p>[vc_row][vc_column width=&#8220;1\/4&#8243;][\/vc_column][vc_column width=&#8220;2\/4&#8243;][vc_empty_space woodmart_hide_large=&#8220;0&#8243; woodmart_hide_medium=&#8220;0&#8243; woodmart_hide_small=&#8220;0&#8243;][vc_column_text css=&#8220;&#8220; woodmart_inline=&#8220;no&#8220; text_larger=&#8220;no&#8220;] Jako punkt partnerski realizujemy us\u0142ugi chemicznego prania odzie\u017cy. Czas realizacji wynosi<\/p>\n","protected":false},"author":1,"featured_media":0,"parent":0,"menu_order":0,"comment_status":"closed","ping_status":"closed","template":"","meta":{"footnotes":""},"class_list":["post-10550","page","type-page","status-publish","hentry"],"yoast_head":"<!-- This site is optimized with the Yoast SEO Premium plugin v26.3 (Yoast SEO v27.4) - https:\/\/yoast.com\/product\/yoast-seo-premium-wordpress\/ -->\n<title>Pranie odzie\u017cy - Pralnia Ko\u0142czewo<\/title>\n<meta name=\"robots\" content=\"index, follow, max-snippet:-1, max-image-preview:large, max-video-preview:-1\" \/>\n<link rel=\"canonical\" href=\"https:\/\/www.pralniakolczewo.pl\/de\/pranie-odziezy\/\" \/>\n<meta property=\"og:locale\" content=\"de_DE\" \/>\n<meta property=\"og:type\" content=\"article\" \/>\n<meta property=\"og:title\" content=\"Pranie odzie\u017cy\" \/>\n<meta property=\"og:description\" content=\"[vc_row][vc_column width=&#8220;1\/4&#8243;][\/vc_column][vc_column width=&#8220;2\/4&#8243;][vc_empty_space woodmart_hide_large=&#8220;0&#8243; woodmart_hide_medium=&#8220;0&#8243; woodmart_hide_small=&#8220;0&#8243;][vc_column_text css=&#8220;&#8220; woodmart_inline=&#8220;no&#8220; text_larger=&#8220;no&#8220;] Jako punkt partnerski realizujemy us\u0142ugi chemicznego prania odzie\u017cy. Czas realizacji wynosi\" \/>\n<meta property=\"og:url\" content=\"https:\/\/www.pralniakolczewo.pl\/de\/pranie-odziezy\/\" \/>\n<meta property=\"og:site_name\" content=\"Pralnia Ko\u0142czewo\" \/>\n<meta property=\"article:modified_time\" content=\"2025-02-06T19:57:21+00:00\" \/>\n<meta name=\"twitter:card\" content=\"summary_large_image\" \/>\n<meta name=\"twitter:label1\" content=\"Gesch\u00e4tzte Lesezeit\" \/>\n\t<meta name=\"twitter:data1\" content=\"1\u00a0Minute\" \/>\n<script type=\"application\/ld+json\" class=\"yoast-schema-graph\">{\"@context\":\"https:\\\/\\\/schema.org\",\"@graph\":[{\"@type\":\"WebPage\",\"@id\":\"https:\\\/\\\/www.pralniakolczewo.pl\\\/de\\\/pranie-odziezy\\\/\",\"url\":\"https:\\\/\\\/www.pralniakolczewo.pl\\\/de\\\/pranie-odziezy\\\/\",\"name\":\"Pranie odzie\u017cy - Pralnia Ko\u0142czewo\",\"isPartOf\":{\"@id\":\"https:\\\/\\\/www.pralniakolczewo.pl\\\/de\\\/#website\"},\"datePublished\":\"2024-04-23T09:34:37+00:00\",\"dateModified\":\"2025-02-06T19:57:21+00:00\",\"breadcrumb\":{\"@id\":\"https:\\\/\\\/www.pralniakolczewo.pl\\\/de\\\/pranie-odziezy\\\/#breadcrumb\"},\"inLanguage\":\"de\",\"potentialAction\":[{\"@type\":\"ReadAction\",\"target\":[\"https:\\\/\\\/www.pralniakolczewo.pl\\\/de\\\/pranie-odziezy\\\/\"]}]},{\"@type\":\"BreadcrumbList\",\"@id\":\"https:\\\/\\\/www.pralniakolczewo.pl\\\/de\\\/pranie-odziezy\\\/#breadcrumb\",\"itemListElement\":[{\"@type\":\"ListItem\",\"position\":1,\"name\":\"Home\",\"item\":\"https:\\\/\\\/www.pralniakolczewo.pl\\\/de\\\/\"},{\"@type\":\"ListItem\",\"position\":2,\"name\":\"Pranie odzie\u017cy\"}]},{\"@type\":\"WebSite\",\"@id\":\"https:\\\/\\\/www.pralniakolczewo.pl\\\/de\\\/#website\",\"url\":\"https:\\\/\\\/www.pralniakolczewo.pl\\\/de\\\/\",\"name\":\"Pralnia Ko\u0142czewo\",\"description\":\"\",\"publisher\":{\"@id\":\"https:\\\/\\\/www.pralniakolczewo.pl\\\/de\\\/#organization\"},\"potentialAction\":[{\"@type\":\"SearchAction\",\"target\":{\"@type\":\"EntryPoint\",\"urlTemplate\":\"https:\\\/\\\/www.pralniakolczewo.pl\\\/de\\\/?s={search_term_string}\"},\"query-input\":{\"@type\":\"PropertyValueSpecification\",\"valueRequired\":true,\"valueName\":\"search_term_string\"}}],\"inLanguage\":\"de\"},{\"@type\":\"Organization\",\"@id\":\"https:\\\/\\\/www.pralniakolczewo.pl\\\/de\\\/#organization\",\"name\":\"Pralnia Ko\u0142czewo\",\"url\":\"https:\\\/\\\/www.pralniakolczewo.pl\\\/de\\\/\",\"logo\":{\"@type\":\"ImageObject\",\"inLanguage\":\"de\",\"@id\":\"https:\\\/\\\/www.pralniakolczewo.pl\\\/de\\\/#\\\/schema\\\/logo\\\/image\\\/\",\"url\":\"https:\\\/\\\/www.pralniakolczewo.pl\\\/wp-content\\\/uploads\\\/2024\\\/01\\\/pralnia_kolczewo_logo.png\",\"contentUrl\":\"https:\\\/\\\/www.pralniakolczewo.pl\\\/wp-content\\\/uploads\\\/2024\\\/01\\\/pralnia_kolczewo_logo.png\",\"width\":200,\"height\":155,\"caption\":\"Pralnia Ko\u0142czewo\"},\"image\":{\"@id\":\"https:\\\/\\\/www.pralniakolczewo.pl\\\/de\\\/#\\\/schema\\\/logo\\\/image\\\/\"}}]}<\/script>\n<!-- \/ Yoast SEO Premium plugin. -->","yoast_head_json":{"title":"Pranie odzie\u017cy - Pralnia Ko\u0142czewo","robots":{"index":"index","follow":"follow","max-snippet":"max-snippet:-1","max-image-preview":"max-image-preview:large","max-video-preview":"max-video-preview:-1"},"canonical":"https:\/\/www.pralniakolczewo.pl\/de\/pranie-odziezy\/","og_locale":"de_DE","og_type":"article","og_title":"Pranie odzie\u017cy","og_description":"[vc_row][vc_column width=&#8220;1\/4&#8243;][\/vc_column][vc_column width=&#8220;2\/4&#8243;][vc_empty_space woodmart_hide_large=&#8220;0&#8243; woodmart_hide_medium=&#8220;0&#8243; woodmart_hide_small=&#8220;0&#8243;][vc_column_text css=&#8220;&#8220; woodmart_inline=&#8220;no&#8220; text_larger=&#8220;no&#8220;] Jako punkt partnerski realizujemy us\u0142ugi chemicznego prania odzie\u017cy. Czas realizacji wynosi","og_url":"https:\/\/www.pralniakolczewo.pl\/de\/pranie-odziezy\/","og_site_name":"Pralnia Ko\u0142czewo","article_modified_time":"2025-02-06T19:57:21+00:00","twitter_card":"summary_large_image","twitter_misc":{"Gesch\u00e4tzte Lesezeit":"1\u00a0Minute"},"schema":{"@context":"https:\/\/schema.org","@graph":[{"@type":"WebPage","@id":"https:\/\/www.pralniakolczewo.pl\/de\/pranie-odziezy\/","url":"https:\/\/www.pralniakolczewo.pl\/de\/pranie-odziezy\/","name":"Pranie odzie\u017cy - Pralnia Ko\u0142czewo","isPartOf":{"@id":"https:\/\/www.pralniakolczewo.pl\/de\/#website"},"datePublished":"2024-04-23T09:34:37+00:00","dateModified":"2025-02-06T19:57:21+00:00","breadcrumb":{"@id":"https:\/\/www.pralniakolczewo.pl\/de\/pranie-odziezy\/#breadcrumb"},"inLanguage":"de","potentialAction":[{"@type":"ReadAction","target":["https:\/\/www.pralniakolczewo.pl\/de\/pranie-odziezy\/"]}]},{"@type":"BreadcrumbList","@id":"https:\/\/www.pralniakolczewo.pl\/de\/pranie-odziezy\/#breadcrumb","itemListElement":[{"@type":"ListItem","position":1,"name":"Home","item":"https:\/\/www.pralniakolczewo.pl\/de\/"},{"@type":"ListItem","position":2,"name":"Pranie odzie\u017cy"}]},{"@type":"WebSite","@id":"https:\/\/www.pralniakolczewo.pl\/de\/#website","url":"https:\/\/www.pralniakolczewo.pl\/de\/","name":"Pralnia Ko\u0142czewo","description":"","publisher":{"@id":"https:\/\/www.pralniakolczewo.pl\/de\/#organization"},"potentialAction":[{"@type":"SearchAction","target":{"@type":"EntryPoint","urlTemplate":"https:\/\/www.pralniakolczewo.pl\/de\/?s={search_term_string}"},"query-input":{"@type":"PropertyValueSpecification","valueRequired":true,"valueName":"search_term_string"}}],"inLanguage":"de"},{"@type":"Organization","@id":"https:\/\/www.pralniakolczewo.pl\/de\/#organization","name":"Pralnia Ko\u0142czewo","url":"https:\/\/www.pralniakolczewo.pl\/de\/","logo":{"@type":"ImageObject","inLanguage":"de","@id":"https:\/\/www.pralniakolczewo.pl\/de\/#\/schema\/logo\/image\/","url":"https:\/\/www.pralniakolczewo.pl\/wp-content\/uploads\/2024\/01\/pralnia_kolczewo_logo.png","contentUrl":"https:\/\/www.pralniakolczewo.pl\/wp-content\/uploads\/2024\/01\/pralnia_kolczewo_logo.png","width":200,"height":155,"caption":"Pralnia Ko\u0142czewo"},"image":{"@id":"https:\/\/www.pralniakolczewo.pl\/de\/#\/schema\/logo\/image\/"}}]}},"_links":{"self":[{"href":"https:\/\/www.pralniakolczewo.pl\/de\/wp-json\/wp\/v2\/pages\/10550","targetHints":{"allow":["GET"]}}],"collection":[{"href":"https:\/\/www.pralniakolczewo.pl\/de\/wp-json\/wp\/v2\/pages"}],"about":[{"href":"https:\/\/www.pralniakolczewo.pl\/de\/wp-json\/wp\/v2\/types\/page"}],"author":[{"embeddable":true,"href":"https:\/\/www.pralniakolczewo.pl\/de\/wp-json\/wp\/v2\/users\/1"}],"replies":[{"embeddable":true,"href":"https:\/\/www.pralniakolczewo.pl\/de\/wp-json\/wp\/v2\/comments?post=10550"}],"version-history":[{"count":2,"href":"https:\/\/www.pralniakolczewo.pl\/de\/wp-json\/wp\/v2\/pages\/10550\/revisions"}],"predecessor-version":[{"id":10552,"href":"https:\/\/www.pralniakolczewo.pl\/de\/wp-json\/wp\/v2\/pages\/10550\/revisions\/10552"}],"wp:attachment":[{"href":"https:\/\/www.pralniakolczewo.pl\/de\/wp-json\/wp\/v2\/media?parent=10550"}],"curies":[{"name":"wp","href":"https:\/\/api.w.org\/{rel}","templated":true}]}}